{"id":379,"date":"2020-05-25T13:38:26","date_gmt":"2020-05-25T12:38:26","guid":{"rendered":"https:\/\/dt4s.eu\/?page_id=379"},"modified":"2022-05-23T12:33:11","modified_gmt":"2022-05-23T11:33:11","slug":"partners","status":"publish","type":"page","link":"https:\/\/dt4s.eu\/ee\/partners\/","title":{"rendered":"Partners"},"content":{"rendered":"<p><img decoding=\"async\" src=\"https:\/\/dt4s.eu\/wp-content\/uploads\/elementor\/thumbs\/goi-logo_1-pa028hofugac9zldfwfut8zzbgiihaauge07deb4h8.png\" title=\"goi-logo_1\" alt=\"goi-logo_1\" \/>\t\t\t\t\t\t\t\t\t\t\t<\/p>\n<h3><b>Governorship of Istanbul (GOI)<\/b><\/h3>\n<p>GOI tegeleb Istanbuli \u00fcldise halduse ja arengu reguleerimise ja j\u00e4relvalvega. Nad rakendavad ministeeriumite poolseid juhiseid ja korraldusi, tagades seaduste, m\u00e4\u00e4ruste ja valitsuse otsuste v\u00e4ljakuulutamise ja rakendamise. GOI on provintsi keskvalitsuse esindaja ja maakonna k\u00f5rgeim haldusasutus ning pakub oma 300 t\u00f6\u00f6tajaga teenuseid mitmetes erinevates valdkondades. GOI viib koost\u00f6\u00f6s v\u00e4lissuhete b\u00fcrooga ellu riiklikke ja rahvusvahelisi projekte. Esmat\u00e4htsaks peetakse toetada ebasoodsas olukorras olevaid r\u00fchmasid nagu n\u00e4iteks puuetega inimesi, sisser\u00e4ndajaid, t\u00f6\u00f6tuid v\u00f5i ilma koolituseta noori ja t\u00e4iskasvanuid. See v\u00f5imaldab teha koost\u00f6\u00f6d paljude avalike asutuste, \u00fclikoolide, noorte ja t\u00e4iskasvanute hariduskeskuste, kutse\u00f5ppekeskuste ja valitsusv\u00e4liste organisatsioonidega.<\/p>\n<p>\u00a0<\/p>\n<p>Samuti pakuvad nad t\u00e4iend\u00f5ppekeskuse kaudu vajalike alade koolitusi. Lisaks juhib GOI koos Siseministeeriumiga\u00a0 asutatud n\u00f5ukogu (The Board of European Union Compliance, Counselling and Guidance), mille eesm\u00e4rkideks on:<\/p>\n<p>\u2022 Tagada omavalitsuste aktiivne osalus Euroopa Liiduga liitumise protsessis<\/p>\n<p>\u2022 J\u00e4lgida selles raamistikus l\u00e4bi viidud haldus- ja \u00f5igusreformide t\u00e4ielikku rakendamist<\/p>\n<p>\u2022 Aidata avalikkusel paremini m\u00f5ista Euroopa Liiduga liitumise protsessi<\/p>\n<p>\u2022 Aktiveerida provintsides t\u00f5husa juhtimisega omavalitsuste vahelisi suhteid seoses EL rahaliste vahendite t\u00f5husa kasutamisega<\/p>\n<p>\t\t\t\t\t\t\t\t\t\t<img loading=\"lazy\" decoding=\"async\" width=\"300\" height=\"83\" src=\"https:\/\/dt4s.eu\/wp-content\/uploads\/2020\/03\/logo_tallinn-300x83.png\" alt=\"\" loading=\"lazy\" srcset=\"https:\/\/dt4s.eu\/wp-content\/uploads\/2020\/03\/logo_tallinn-300x83.png 300w, https:\/\/dt4s.eu\/wp-content\/uploads\/2020\/03\/logo_tallinn-1024x282.png 1024w, https:\/\/dt4s.eu\/wp-content\/uploads\/2020\/03\/logo_tallinn-768x211.png 768w, https:\/\/dt4s.eu\/wp-content\/uploads\/2020\/03\/logo_tallinn.png 1280w\" sizes=\"auto, (max-width: 300px) 100vw, 300px\" \/>\t\t\t\t\t\t\t\t\t\t\t<\/p>\n<h3><b>Tallinna \u00dclikool<br \/>\n<\/b><\/h3>\n<p>Tallinna \u00dclikool on suurim humanitaarteadusi \u00f5petav \u00fclikool Tallinnas ja suuruselt kolmas avalik-\u00f5iguslik \u00fclikool Eestis. Seal \u00f5pib ligi 7000 \u00fcli\u00f5pilast ning t\u00f6\u00f6tab ligi 800 t\u00f6\u00f6tajat, neist ligi 400 \u00f5ppej\u00f5udu ja teadlast. Soovides saavutada paremat koosk\u00f5la \u00fchiskonna vajadustega, on v\u00f5etud eesm\u00e4rgiks saada targa eluviisi eestvedajaks Eestis. Targa eluviisi all m\u00f5eldakse eelk\u00f5ige teadusp\u00f5hiseid otsuseid nii \u00fchiskonna kui ka kodaniku paremaks toimetulekuks. Tallinna \u00dclikool on viimase 15 aastaga liitnud endaga hulga \u00f5ppe- ja teadusasutusi, mis on oluliselt laiendanud \u00fclikooli vastutusvaldkondade skaalat, mis t\u00e4na ulatub \u00f5petajakoolitusest koreograafiani. TL\u00dc viis fookusvaldkonda on: haridusuuendus, digi- ja meediakultuur, kultuurilised kompetentsid, terve ja j\u00e4tkusuutlik eluviis ning \u00fchiskond ja avatud valitsemine.<br \/>\n\t\t\t\t\t\t\t\t\t\t<img loading=\"lazy\" decoding=\"async\" width=\"300\" height=\"260\" src=\"https:\/\/dt4s.eu\/wp-content\/uploads\/2020\/03\/logo_uth.png\" alt=\"\" loading=\"lazy\" \/>\t\t\t\t\t\t\t\t\t\t\t<\/p>\n<h3><strong>Thessaly \u00dclikool<br \/><\/strong><\/h3>\n<p>\t\t\t\t\t\t\t\t\t\t<img loading=\"lazy\" decoding=\"async\" width=\"300\" height=\"260\" src=\"https:\/\/dt4s.eu\/wp-content\/uploads\/2020\/03\/logo_virtual-campus.png\" alt=\"\" loading=\"lazy\" \/>\t\t\t\t\t\t\t\t\t\t\t<\/p>\n<h3><b>Virtual Campus LDA.<\/b><\/h3>\n<p>Virtual Campus on arendusele, koolitamisele ja konsulteerimisele suunatud VKE, mis tegutseb haridustehnoloogia, t\u00f5sim\u00e4ngude ja infos\u00fcsteemide vallas. Nende eesm\u00e4rk on aktiivselt panustada teadmistep\u00f5hise \u00fchiskonna arengusse, mida tehakse l\u00e4bi avaliku ja erasektori toetamise \u00fchiskonnale kasu toovate projektide ja strateegiate arendamise. Virtual Campus on edukalt tootnud multimeedia e-\u00f5ppe sisu nii erinevatele platvormidele (lauaarvutid, mobiilid, tahvelarvutid), erinevates keskkondades (online, v\u00f5rguv\u00e4line) erinevatel eesm\u00e4rkidel (kutse\u00f5pe, h\u00e4daabiteenused, k\u00f5rgharidus, keskharidus) ja eri ulatusega (teadus- ja arendusprojektid, kliendilepingud).<\/p>\n<p>\u00a0<\/p>\n<p>Virtual Campus on loonud hariduse ja koolituse jaoks mitmeid erinevaid virtuaalkeskkondi ning t\u00f5sim\u00e4nge. Samuti on nad toonud turule mitmeid erinevatele sihtgruppidele suunatud tooteid nagu n\u00e4iteks LOEL (emotsionaalse kompetentsi arendamise projekt noortele), Transform@ (ettev\u00f5tlusoskuste arendamine), Examinator (keskkooli\u00f5pilastele), Geoquizz (k\u00f5igile vanusegruppidele), Chemdrops (keskkooli\u00f5pilastele), Globall Manager (m\u00e4ng \u00fclikooli\u00f5pilastele ja VKE juhtidele), eCity (m\u00e4ng insenerihairudse omandajatele), UISEL (m\u00e4ng eakate digitaalse kirjaoskuse arendamiseks), PARENTNETS (lapsevanematele m\u00f5eldud m\u00e4ng riskide ennetamisest internetis ja sotsiaalsetes v\u00f5rgustikes) and Transform@ (veebip\u00f5hine mitme m\u00e4ngijaga lauam\u00e4ng ettev\u00f5tlusoskuste arendamiseks). Virtual Campus on ka \u00fcks Euroopa t\u00f5sim\u00e4ngude praktikute ja ekspertide r\u00fchma, SEGAN (Serious Game Network), juhte.<\/p>\n<p>\t\t\t\t\t\t\t\t\t\t<img loading=\"lazy\" decoding=\"async\" width=\"300\" height=\"260\" src=\"https:\/\/dt4s.eu\/wp-content\/uploads\/2020\/03\/logo_ats.png\" alt=\"\" loading=\"lazy\" \/>\t\t\t\t\t\t\t\t\t\t\t<\/p>\n<h3><b>Advanced Technology Systems SRL.<\/b><\/h3>\n<p>ATS on haridusasutuste, avalike halduste ja \u00e4ride tarkvaralahenduste ja -teenuste pakkuja. Nende e-valituse lahendusi on rakendatud rohkem kui 80 avalikus organisatsioonis, sealhulgas ministeeriumites ja maakonnavolikogudes. ATS-i v\u00e4lja t\u00f6\u00f6tatud tooteid toetatakse nende teadus- ja innovatsiooniosakonna tegevuse kaudu, mille missiooniks on uute majanduslike ja sotsiaalsete v\u00e4\u00e4rtuste loomine. ATS on koordineerinud ja osalenud tehnilise juhina erinevates riiklikes ja suuremahulistes tehnoloogiap\u00f5hilisele \u00f5ppele suunatud Euroopa teadusprojektides (n\u00e4iteks BEACONING projekt ja Games and Learning Alliance). ATS keskendub laiap\u00f5hjalisete \u00f5pi\u00f6kos\u00fcsteemide, autoriseerimise vahendite, juurdep\u00e4\u00e4setavuse t\u00f6\u00f6riistade, digitaalsete m\u00e4ngude, avatud infohoidlate arendamisele. Nende lahendusi on rakendatud rohkem kui 14 riigis. ATS on samuti ka aktiivne osaleja riiklikes ja rahvusvahelistes v\u00f5rgustikes. N\u00e4iteks BEACONING (Breaking Educational Barriers with Contextualised, Pervasive and Gameful Learning); ARIES (Rumeenia Elektroonikat\u00f6\u00f6stuse ja Tarkvara Assotsiatsioon) mis on Kagu-Euroopa suurim IT-\u00fchendus; Rumeenia \u00f5ppepartnerluse labor (Romania ADL Partnership Lab); noorte maaelu v\u00f5rgustik NEET.<\/p>\n","protected":false},"excerpt":{"rendered":"<p>Governorship of Istanbul (GOI) GOI tegeleb Istanbuli \u00fcldise halduse ja arengu reguleerimise ja j\u00e4relvalvega. Nad rakendavad ministeeriumite poolseid juhiseid ja korraldusi, tagades seaduste, m\u00e4\u00e4ruste ja valitsuse otsuste v\u00e4ljakuulutamise ja rakendamise. GOI on provintsi keskvalitsuse esindaja ja maakonna k\u00f5rgeim haldusasutus ning<\/p>\n","protected":false},"author":1,"featured_media":0,"parent":0,"menu_order":0,"comment_status":"closed","ping_status":"closed","template":"","meta":{"footnotes":""},"class_list":["post-379","page","type-page","status-publish","hentry"],"translation":{"provider":"WPGlobus","version":"3.0.0","language":"ee","enabled_languages":["en","tr","gr","pt","ro","ee"],"languages":{"en":{"title":true,"content":true,"excerpt":false},"tr":{"title":true,"content":true,"excerpt":false},"gr":{"title":false,"content":true,"excerpt":false},"pt":{"title":false,"content":true,"excerpt":false},"ro":{"title":true,"content":true,"excerpt":false},"ee":{"title":false,"content":true,"excerpt":false}}},"_links":{"self":[{"href":"https:\/\/dt4s.eu\/ee\/wp-json\/wp\/v2\/pages\/379","targetHints":{"allow":["GET"]}}],"collection":[{"href":"https:\/\/dt4s.eu\/ee\/wp-json\/wp\/v2\/pages"}],"about":[{"href":"https:\/\/dt4s.eu\/ee\/wp-json\/wp\/v2\/types\/page"}],"author":[{"embeddable":true,"href":"https:\/\/dt4s.eu\/ee\/wp-json\/wp\/v2\/users\/1"}],"replies":[{"embeddable":true,"href":"https:\/\/dt4s.eu\/ee\/wp-json\/wp\/v2\/comments?post=379"}],"version-history":[{"count":90,"href":"https:\/\/dt4s.eu\/ee\/wp-json\/wp\/v2\/pages\/379\/revisions"}],"predecessor-version":[{"id":2115,"href":"https:\/\/dt4s.eu\/ee\/wp-json\/wp\/v2\/pages\/379\/revisions\/2115"}],"wp:attachment":[{"href":"https:\/\/dt4s.eu\/ee\/wp-json\/wp\/v2\/media?parent=379"}],"curies":[{"name":"wp","href":"https:\/\/api.w.org\/{rel}","templated":true}]}}