{"id":414,"date":"2020-08-13T09:25:48","date_gmt":"2020-08-13T08:25:48","guid":{"rendered":"https:\/\/dt4s.eu\/?page_id=414"},"modified":"2022-05-20T11:53:30","modified_gmt":"2022-05-20T10:53:30","slug":"dt4s-platform","status":"publish","type":"page","link":"https:\/\/dt4s.eu\/ee\/dt4s-platform\/","title":{"rendered":"DT4S Platform"},"content":{"rendered":"<p>DT4S platvorm integreerib kogemusliku ja aktiivse \u00f5ppedisaini digitaalsete koost\u00f6\u00f6vahenditega, et pakkuda rikastastatud \u00f5ppekogemusi l\u00e4bi t\u00f5hustatud suhtluse ja koost\u00f6\u00f6. Lisaks soodustab kogemuslik ja aktiivne \u00f5ppedisain teadmiste kinnistamist ning \u00fclekandmist hariduskeskkonnast t\u00f6\u00f6keskkonda, h\u00f5lbustades t\u00f6\u00f6alast konkurentsiv\u00f5imet t\u00f6\u00f6stuse poolt n\u00f5utavate oskuste arendamise kaudu.<\/p>\n<p>&nbsp;<\/p>\n<p><!-- \/wp:html --><\/p>\n<p><!-- wp:html --><\/p>\n<p>Platvorm p\u00f5hineb disainm\u00f5tlemise metoodikal ning v\u00f5imaldab digitaalselt seda l\u00e4henemist rakendada. Platvorm pakub valikut erinevaid \u00f5ppestsenaariume mida saab erinevatesse kursustesse paigutada. Samuti pakub see ka v\u00f5imalust stsenaariumites \u00f5pilaste tegevust\u00a0 j\u00e4lgida ja suunata.<\/p>\n<p><img decoding=\"async\" src=\"\/wp-content\/uploads\/2020\/03\/bullets1.png\" \/><\/p>\n<p><!-- \/wp:html --><\/p>\n<p><!-- wp:html --><\/p>\n<img decoding=\"async\" style=\"width: 40%; margin-left: 10%;\" src=\"\/wp-content\/uploads\/2020\/08\/teacher-ui.png\" \/> <img decoding=\"async\" style=\"width: 40%;\" src=\"\/wp-content\/uploads\/2020\/08\/student-ui.png\" \/>\n<p><!-- \/wp:html --><\/p>\n<p><!-- wp:html --><\/p>\n<p style=\"text-align: center;\"><a style=\"background-color: #176082; padding: 15px; font-size: 16px; border-radius: 5px; color: #fff;\" href=\"https:\/\/dt4s.e-ce.uth.gr\/#\/\">Access the DT4S Platform<\/a> <a style=\"padding: 15px; font-size: 16px; border-radius: 5px; color: #fff;\" href=\"https:\/\/dt4s.eu\/wp-content\/uploads\/2021\/11\/O2.-DT4S-Software-Manual.pdf\">User Manual<\/a><\/p>","protected":false},"excerpt":{"rendered":"<p>DT4S platvorm integreerib kogemusliku ja aktiivse \u00f5ppedisaini digitaalsete koost\u00f6\u00f6vahenditega, et pakkuda rikastastatud \u00f5ppekogemusi l\u00e4bi t\u00f5hustatud suhtluse ja koost\u00f6\u00f6. Lisaks soodustab kogemuslik ja aktiivne \u00f5ppedisain teadmiste kinnistamist ning \u00fclekandmist hariduskeskkonnast t\u00f6\u00f6keskkonda, h\u00f5lbustades t\u00f6\u00f6alast konkurentsiv\u00f5imet t\u00f6\u00f6stuse poolt n\u00f5utavate oskuste arendamise kaudu. &nbsp;<\/p>\n","protected":false},"author":1,"featured_media":0,"parent":0,"menu_order":0,"comment_status":"closed","ping_status":"closed","template":"","meta":{"footnotes":""},"class_list":["post-414","page","type-page","status-publish","hentry"],"translation":{"provider":"WPGlobus","version":"3.0.0","language":"ee","enabled_languages":["en","tr","gr","pt","ro","ee"],"languages":{"en":{"title":true,"content":true,"excerpt":false},"tr":{"title":true,"content":true,"excerpt":false},"gr":{"title":false,"content":true,"excerpt":false},"pt":{"title":false,"content":true,"excerpt":false},"ro":{"title":true,"content":true,"excerpt":false},"ee":{"title":false,"content":true,"excerpt":false}}},"_links":{"self":[{"href":"https:\/\/dt4s.eu\/ee\/wp-json\/wp\/v2\/pages\/414","targetHints":{"allow":["GET"]}}],"collection":[{"href":"https:\/\/dt4s.eu\/ee\/wp-json\/wp\/v2\/pages"}],"about":[{"href":"https:\/\/dt4s.eu\/ee\/wp-json\/wp\/v2\/types\/page"}],"author":[{"embeddable":true,"href":"https:\/\/dt4s.eu\/ee\/wp-json\/wp\/v2\/users\/1"}],"replies":[{"embeddable":true,"href":"https:\/\/dt4s.eu\/ee\/wp-json\/wp\/v2\/comments?post=414"}],"version-history":[{"count":85,"href":"https:\/\/dt4s.eu\/ee\/wp-json\/wp\/v2\/pages\/414\/revisions"}],"predecessor-version":[{"id":2097,"href":"https:\/\/dt4s.eu\/ee\/wp-json\/wp\/v2\/pages\/414\/revisions\/2097"}],"wp:attachment":[{"href":"https:\/\/dt4s.eu\/ee\/wp-json\/wp\/v2\/media?parent=414"}],"curies":[{"name":"wp","href":"https:\/\/api.w.org\/{rel}","templated":true}]}}