{"id":1365,"date":"2020-10-13T12:41:52","date_gmt":"2020-10-13T11:41:52","guid":{"rendered":"https:\/\/dt4s.eu\/?page_id=1365"},"modified":"2021-03-03T11:06:24","modified_gmt":"2021-03-03T11:06:24","slug":"home-3","status":"publish","type":"page","link":"https:\/\/dt4s.eu\/pt\/home-3\/","title":{"rendered":"Home"},"content":{"rendered":"<h1>Design Thinking para uma Educa\u00e7\u00e3o Sustent\u00e1vel<\/h1>\n<p>Solu\u00e7\u00f5es inovadoras e cooperativas para desafios complexos<\/p>\n<p>O Projeto DT4S visa desenvolver as habilidades de Design Thinking em estudantes. Nosso objetivo \u00e9 construir compet\u00eancias de resolu\u00e7\u00e3o de problemas e habilidades de colabora\u00e7\u00e3o entre os estudantes do ensino secund\u00e1rio. Assim, preparando-os para participarem ativamente no desenvolvimento sustent\u00e1vel.\u00a0 O projeto oferece uma abordagem ativa de aprendizagem baseada na resolu\u00e7\u00e3o\u00a0 de problemas que desafia os estudantes a identificar os par\u00e2metros de determinados problemas e as experi\u00eancias dos indiv\u00edduos afetados por eles.\u00a0<\/p>\n<p><a href=\"\/about\">Sobre <\/a><a href=\"https:\/\/dt4s.e-ce.uth.gr\/#\/\">\u00a0Plataforma DT4S\u00a0<\/a><br \/> <img decoding=\"async\" style=\"width: 600px;\" src=\"https:\/\/dt4s.eu\/wp-content\/uploads\/2020\/09\/g6-694x626.png\" \/><\/p>\n<h1>Eventos &amp; Publica\u00e7\u00f5es\u00a0<\/h1>\n<p><img decoding=\"async\" style=\"margin-top: 1%; margin-bottom: 2%;\" src=\"\/wp-content\/uploads\/2020\/03\/bullets1.png\" \/><\/p>\n<h2>Novidades<\/h2>\n<p>[sliders_pack id=&#8221;1360&#8243;]<\/p>\n<h2>Tweets<\/h2>\n<p>by @DT4SProject<\/p>\n<p><a href=\"https:\/\/twitter.com\/DT4SProject?ref_src=twsrc%5Etfw\" data-width=\"400\" data-height=\"350\" data-chrome=\"noheader\">Tweets by DT4SProject<\/a> <\/p>\n<h1>Plataforma DT4S<\/h1>\n<p><img decoding=\"async\" style=\"margin-top: 1%; margin-bottom: 2%;\" src=\"\/wp-content\/uploads\/2020\/03\/bullets1.png\" \/><\/p>\n<p><!-- Short description of the DT4S Platform --><\/p>\n<p>A plataforma DT4S integra o modelo de aprendizagem ativa e experimental a ferramentas de colabora\u00e7\u00e3o digital, promovendo\u00a0 uma educa\u00e7\u00e3o aprimorada atrav\u00e9s da comunica\u00e7\u00e3o e da colabora\u00e7\u00e3o. Al\u00e9m disso, o modelo de aprendizagem ativa e experimental promove a absor\u00e7\u00e3o de conhecimento e sua transferibilidade do ambiente educacional ao mundo laboral, facilitando ainda mais a empregabilidade, uma vez que que desenvolve-se compet\u00eancias altamente requeridas pelas ind\u00fastrias.\u00a0\u00a0<\/p>\n<p><a href=\"https:\/\/dt4s.e-ce.uth.gr\/#\/\">Aceda \u00e0 Plataforma DT4S<\/a><\/p>\n<p><img decoding=\"async\" src=\"\/wp-content\/uploads\/platform\/dt4s-pltf-2.png\" \/><\/p>\n<h1>Objetivos do Projeto DT4S<\/h1>\n<h2>Cronograma Transnacional do Projeto<\/h2>\n<p><img decoding=\"async\" style=\"margin-top: 1%; margin-bottom: 2%;\" src=\"\/wp-content\/uploads\/2020\/03\/bullets1.png\" \/><\/p>\n<div class='white' style='background:rgba(0,0,0,0); border:solid 0px rgba(0,0,0,0); border-radius:0px; padding:0px 0px 0px 0px;'>\n<div id='slider_903' class='owl-carousel sa_owl_theme autohide-arrows' data-slider-id='slider_903' style='visibility:hidden;'>\n<div id='slider_903_slide01' class='sa_hover_container' style='padding:5% 5%; margin:0px 0%; '><div class=\"project-outputs\">\r\n<div class=\"event-item\">\r\n<div class=\"date\">IO1<\/div>\r\n<div class=\"info\">\r\n<h3 class=\"title\">An active methodological learning framework for building sustainability skills through design thinking<\/h3>\r\n<h4>VIRTUAL CAMPUS LDA<\/h4>\r\n\r\n<div class=\"home-outputs\">\r\n<a href=\"https:\/\/dt4s.eu\/wp-content\/uploads\/2020\/12\/O1.-Methodological-Framework.pdf\" target=\"_blank\" class=\"home-linkouput\">View IO 1<\/a>\r\n<\/div>\r\n<\/div>\r\n<\/div>\r\n<\/div><\/div>\n<div id='slider_903_slide02' class='sa_hover_container' style='padding:5% 5%; margin:0px 0%; '><div class=\"project-outputs\">\r\n<div class=\"event-item\">\r\n<div class=\"date\"><span class=\"number\">IO2<\/span><\/div>\r\n<div class=\"info\">\r\n<h3 class=\"title\">A digital learning platform for building sustainability skills through design thinking principles<\/h3>\r\n<h4>PANEPISTIMIO THESSALIAS<\/h4>\r\n<\/div>\r\n<\/div>\r\n<\/div><\/div>\n<div id='slider_903_slide03' class='sa_hover_container' style='padding:5% 5%; margin:0px 0%; '><div class=\"project-outputs\">\r\n<div class=\"event-item\">\r\n<div class=\"date\"><span class=\"number\">IO3<\/span><\/div>\r\n<div class=\"info\">\r\n<h3 class=\"title\">Sustainability education activities for deployment through the DT4S platform<\/h3>\r\n<h4>ISTANBUL VALILIGI<\/h4>\r\n<\/div>\r\n<\/div>\r\n<\/div><\/div>\n<div id='slider_903_slide04' class='sa_hover_container' style='padding:5% 5%; margin:0px 0%; '><div class=\"project-outputs\">\r\n<div class=\"event-item\">\r\n<div class=\"date\"><span class=\"number\">IO4<\/span><\/div>\r\n<div class=\"info\">\r\n<h3 class=\"title\">Instructional process <br \/>support<\/h3>\r\n<h4>TALLINN UNIVERSITY<\/h4>\r\n<\/div>\r\n<\/div>\r\n<\/div><\/div>\n<div id='slider_903_slide05' class='sa_hover_container' style='padding:5% 5%; margin:0px 0%; '><div class=\"project-outputs\">\r\n<div class=\"event-item\">\r\n<div class=\"date\"><span class=\"number\">IO5<\/span><\/div>\r\n<div class=\"info\">\r\n<h3 class=\"title\">Good practices on the deployment of design thinking for sustainability education stemming from evaluation activities<\/h3>\r\n<h4>ADVANCED TECHNOLOGY SYSTEMS<\/h4>\r\n<\/div>\r\n<\/div>\r\n<\/div><\/div>\n<\/div>\n<\/div>\n<script type='text\/javascript'>\n\tjQuery(document).ready(function() {\n\t\tjQuery('#slider_903').owlCarousel({\n\t\t\tresponsive:{\n\t\t\t\t0:{ items:1 },\n\t\t\t\t480:{ items:2 },\n\t\t\t\t768:{ items:3 },\n\t\t\t\t980:{ items:5 },\n\t\t\t\t1200:{ items:5 },\n\t\t\t\t1500:{ items:5 }\n\t\t\t},\n\t\t\tautoplay : true,\n\t\t\tautoplayTimeout : 30000,\n\t\t\tautoplayHoverPause : true,\n\t\t\tsmartSpeed : 3000,\n\t\t\tfluidSpeed : 3000,\n\t\t\tautoplaySpeed : 3000,\n\t\t\tnavSpeed : 3000,\n\t\t\tdotsSpeed : 3000,\n\t\t\tloop : false,\n\t\t\tnav : false,\n\t\t\tnavText : ['Previous','Next'],\n\t\t\tdots : false,\n\t\t\tresponsiveRefreshRate : 200,\n\t\t\tslideBy : 12,\n\t\t\tmergeFit : true,\n\t\t\tautoHeight : false,\n\t\t\tmouseDrag : false,\n\t\t\ttouchDrag : true\n\t\t});\n\t\tjQuery('#slider_903').css('visibility', 'visible');\n\t\tsa_resize_slider_903();\n\t\twindow.addEventListener('resize', sa_resize_slider_903);\n\t\tfunction sa_resize_slider_903() {\n\t\t\tvar min_height = '50';\n\t\t\tvar win_width = jQuery(window).width();\n\t\t\tvar slider_width = jQuery('#slider_903').width();\n\t\t\tif (win_width < 480) {\n\t\t\t\tvar slide_width = slider_width \/ 1;\n\t\t\t} else if (win_width < 768) {\n\t\t\t\tvar slide_width = slider_width \/ 2;\n\t\t\t} else if (win_width < 980) {\n\t\t\t\tvar slide_width = slider_width \/ 3;\n\t\t\t} else if (win_width < 1200) {\n\t\t\t\tvar slide_width = slider_width \/ 5;\n\t\t\t} else if (win_width < 1500) {\n\t\t\t\tvar slide_width = slider_width \/ 5;\n\t\t\t} else {\n\t\t\t\tvar slide_width = slider_width \/ 5;\n\t\t\t}\n\t\t\tslide_width = Math.round(slide_width);\n\t\t\tvar slide_height = '0';\n\t\t\tif (min_height == 'aspect43') {\n\t\t\t\tslide_height = (slide_width \/ 4) * 3;\t\t\t\tslide_height = Math.round(slide_height);\n\t\t\t} else if (min_height == 'aspect169') {\n\t\t\t\tslide_height = (slide_width \/ 16) * 9;\t\t\t\tslide_height = Math.round(slide_height);\n\t\t\t} else {\n\t\t\t\tslide_height = (slide_width \/ 100) * min_height;\t\t\t\tslide_height = Math.round(slide_height);\n\t\t\t}\n\t\t\tjQuery('#slider_903 .owl-item .sa_hover_container').css('min-height', slide_height+'px');\n\t\t}\n\t\tvar owl_goto = jQuery('#slider_903');\n\t\tjQuery('.slider_903_goto1').click(function(event){\n\t\t\towl_goto.trigger('to.owl.carousel', 0);\n\t\t});\n\t\tjQuery('.slider_903_goto2').click(function(event){\n\t\t\towl_goto.trigger('to.owl.carousel', 1);\n\t\t});\n\t\tjQuery('.slider_903_goto3').click(function(event){\n\t\t\towl_goto.trigger('to.owl.carousel', 2);\n\t\t});\n\t\tjQuery('.slider_903_goto4').click(function(event){\n\t\t\towl_goto.trigger('to.owl.carousel', 3);\n\t\t});\n\t\tjQuery('.slider_903_goto5').click(function(event){\n\t\t\towl_goto.trigger('to.owl.carousel', 4);\n\t\t});\n\t\tvar resize_903 = jQuery('.owl-carousel');\n\t\tresize_903.on('initialized.owl.carousel', function(e) {\n\t\t\tif (typeof(Event) === 'function') {\n\t\t\t\twindow.dispatchEvent(new Event('resize'));\n\t\t\t} else {\n\t\t\t\tvar evt = window.document.createEvent('UIEvents');\n\t\t\t\tevt.initUIEvent('resize', true, false, window, 0);\n\t\t\t\twindow.dispatchEvent(evt);\n\t\t\t}\n\t\t});\n\t});\n<\/script>\n\n<h1>Parceiros<\/h1>\n<h2>Cofinanciado pelo Programa Erasmus+<\/h2>\n<p><img decoding=\"async\" src=\"\/wp-content\/uploads\/2020\/03\/bullets1.png\" \/><\/p>\n<p><!-- Partners short description --><\/p>\n<p><img decoding=\"async\" src=\"\/wp-content\/uploads\/2020\/03\/logo_valilik.png\" \/><\/p>\n<h1>COORDENADOR<br \/>ISTANBUL VALILIGI<\/h1>\n<\/p>\n<p><img decoding=\"async\" src=\"\/wp-content\/uploads\/2020\/03\/logo_uth.png\" \/><\/p>\n<h1>PARCEIRO 1 <br \/>PANEPISTIMIO THESSALIAS<\/h1>\n<p><\/p>\n<p><img decoding=\"async\" src=\"\/wp-content\/uploads\/2020\/03\/logo2_tallinn.png\" \/><\/p>\n<h1>PARCEIRO 2 <br \/>TALLINN UNIVERSITY<\/h1>\n<\/p>\n<p><img decoding=\"async\" src=\"\/wp-content\/uploads\/2020\/03\/logo_virtual-campus.png\" \/><\/p>\n<h1>PARCEIRO 3 <br \/>VIRTUAL CAMPUS LDA<\/h1>\n<p><img decoding=\"async\" src=\"\/wp-content\/uploads\/2020\/03\/logo_ats.png\" \/><\/p>\n<h1>PARCEIRO 4<br \/>ADVANCED TECHNOLOGY SYSTEMS<\/h1><\/p>\n","protected":false},"excerpt":{"rendered":"<p>Design Thinking para uma Educa\u00e7\u00e3o Sustent\u00e1vel Solu\u00e7\u00f5es inovadoras e cooperativas para desafios complexos O Projeto DT4S visa desenvolver as habilidades de Design Thinking em estudantes. Nosso objetivo \u00e9 construir compet\u00eancias de resolu\u00e7\u00e3o de problemas e habilidades de colabora\u00e7\u00e3o entre os<\/p>\n","protected":false},"author":1,"featured_media":0,"parent":0,"menu_order":0,"comment_status":"closed","ping_status":"closed","template":"","meta":{"footnotes":""},"class_list":["post-1365","page","type-page","status-publish","hentry"],"translation":{"provider":"WPGlobus","version":"3.0.0","language":"pt","enabled_languages":["en","tr","gr","pt","ro","ee"],"languages":{"en":{"title":true,"content":true,"excerpt":false},"tr":{"title":true,"content":true,"excerpt":false},"gr":{"title":false,"content":true,"excerpt":false},"pt":{"title":false,"content":true,"excerpt":false},"ro":{"title":true,"content":true,"excerpt":false},"ee":{"title":false,"content":true,"excerpt":false}}},"_links":{"self":[{"href":"https:\/\/dt4s.eu\/pt\/wp-json\/wp\/v2\/pages\/1365","targetHints":{"allow":["GET"]}}],"collection":[{"href":"https:\/\/dt4s.eu\/pt\/wp-json\/wp\/v2\/pages"}],"about":[{"href":"https:\/\/dt4s.eu\/pt\/wp-json\/wp\/v2\/types\/page"}],"author":[{"embeddable":true,"href":"https:\/\/dt4s.eu\/pt\/wp-json\/wp\/v2\/users\/1"}],"replies":[{"embeddable":true,"href":"https:\/\/dt4s.eu\/pt\/wp-json\/wp\/v2\/comments?post=1365"}],"version-history":[{"count":17,"href":"https:\/\/dt4s.eu\/pt\/wp-json\/wp\/v2\/pages\/1365\/revisions"}],"predecessor-version":[{"id":1651,"href":"https:\/\/dt4s.eu\/pt\/wp-json\/wp\/v2\/pages\/1365\/revisions\/1651"}],"wp:attachment":[{"href":"https:\/\/dt4s.eu\/pt\/wp-json\/wp\/v2\/media?parent=1365"}],"curies":[{"name":"wp","href":"https:\/\/api.w.org\/{rel}","templated":true}]}}