{"id":414,"date":"2020-08-13T09:25:48","date_gmt":"2020-08-13T08:25:48","guid":{"rendered":"https:\/\/dt4s.eu\/?page_id=414"},"modified":"2022-05-20T11:53:30","modified_gmt":"2022-05-20T10:53:30","slug":"dt4s-platform","status":"publish","type":"page","link":"https:\/\/dt4s.eu\/pt\/dt4s-platform\/","title":{"rendered":"DT4S Platform"},"content":{"rendered":"<p>A Plataforma DT4S combina os modelos de aprendizagem ativa e experimental com as ferramentas digitais colaborativas, promovendo experi\u00eancias educacionais aprimoradas atrav\u00e9s da comunica\u00e7\u00e3o e da coopera\u00e7\u00e3o. Ademais, os modelos de aprendizagem ativa e experimental promovem a reten\u00e7\u00e3o do conhecimento e sua transferibilidade do ambiente educacional para o mundo laboral, facilitando assim ainda mais a empregabilidade uma vez em que as compet\u00eancias desenvolvidas s\u00e3o altamente requeridas pela ind\u00fastria.\u00a0<\/p>\n<p>\u00a0<\/p>\n<p><!-- \/wp:html --><\/p>\n<p><!-- wp:html --><\/p>\n<p>A plataforma, baseada na metodologia de Design Thinking, foi constru\u00edda especificamente para oferecer um suporte digital para esse m\u00e9todo de ensino. Al\u00e9m de ser um reposit\u00f3rio de atividades, a plataforma permite que as atividades sejam editadas para se encaixarem perfeitamente nos cursos e acompanharem os grupos de trabalho dos alunos.\u00a0<\/p>\n<p><img decoding=\"async\" src=\"\/wp-content\/uploads\/2020\/03\/bullets1.png\" \/><\/p>\n<p><!-- \/wp:html --><\/p>\n<p><!-- wp:html --><\/p>\n<img decoding=\"async\" style=\"width: 40%; margin-left: 10%;\" src=\"\/wp-content\/uploads\/2020\/08\/teacher-ui.png\" \/> <img decoding=\"async\" style=\"width: 40%;\" src=\"\/wp-content\/uploads\/2020\/08\/student-ui.png\" \/>\n<p><!-- \/wp:html --><\/p>\n<p><!-- wp:html --><\/p>\n<p style=\"text-align: center;\"><a style=\"background-color: #176082; padding: 15px; font-size: 16px; border-radius: 5px; color: #fff;\" href=\"https:\/\/dt4s.e-ce.uth.gr\/#\/\">Aceda \u00e0 Plataforma DT4S <\/a> <a style=\"padding: 15px; font-size: 16px; border-radius: 5px; color: #fff;\" href=\"https:\/\/dt4s.eu\/wp-content\/uploads\/2020\/11\/O2.-DT4S-Software-Manual.pdf\">Guia para o utilizador<\/a><\/p>","protected":false},"excerpt":{"rendered":"<p>A Plataforma DT4S combina os modelos de aprendizagem ativa e experimental com as ferramentas digitais colaborativas, promovendo experi\u00eancias educacionais aprimoradas atrav\u00e9s da comunica\u00e7\u00e3o e da coopera\u00e7\u00e3o. Ademais, os modelos de aprendizagem ativa e experimental promovem a reten\u00e7\u00e3o do conhecimento e<\/p>\n","protected":false},"author":1,"featured_media":0,"parent":0,"menu_order":0,"comment_status":"closed","ping_status":"closed","template":"","meta":{"footnotes":""},"class_list":["post-414","page","type-page","status-publish","hentry"],"translation":{"provider":"WPGlobus","version":"3.0.0","language":"pt","enabled_languages":["en","tr","gr","pt","ro","ee"],"languages":{"en":{"title":true,"content":true,"excerpt":false},"tr":{"title":true,"content":true,"excerpt":false},"gr":{"title":false,"content":true,"excerpt":false},"pt":{"title":false,"content":true,"excerpt":false},"ro":{"title":true,"content":true,"excerpt":false},"ee":{"title":false,"content":true,"excerpt":false}}},"_links":{"self":[{"href":"https:\/\/dt4s.eu\/pt\/wp-json\/wp\/v2\/pages\/414","targetHints":{"allow":["GET"]}}],"collection":[{"href":"https:\/\/dt4s.eu\/pt\/wp-json\/wp\/v2\/pages"}],"about":[{"href":"https:\/\/dt4s.eu\/pt\/wp-json\/wp\/v2\/types\/page"}],"author":[{"embeddable":true,"href":"https:\/\/dt4s.eu\/pt\/wp-json\/wp\/v2\/users\/1"}],"replies":[{"embeddable":true,"href":"https:\/\/dt4s.eu\/pt\/wp-json\/wp\/v2\/comments?post=414"}],"version-history":[{"count":85,"href":"https:\/\/dt4s.eu\/pt\/wp-json\/wp\/v2\/pages\/414\/revisions"}],"predecessor-version":[{"id":2097,"href":"https:\/\/dt4s.eu\/pt\/wp-json\/wp\/v2\/pages\/414\/revisions\/2097"}],"wp:attachment":[{"href":"https:\/\/dt4s.eu\/pt\/wp-json\/wp\/v2\/media?parent=414"}],"curies":[{"name":"wp","href":"https:\/\/api.w.org\/{rel}","templated":true}]}}