{"id":1365,"date":"2020-10-13T12:41:52","date_gmt":"2020-10-13T11:41:52","guid":{"rendered":"https:\/\/dt4s.eu\/?page_id=1365"},"modified":"2021-03-03T11:06:24","modified_gmt":"2021-03-03T11:06:24","slug":"home-3","status":"publish","type":"page","link":"https:\/\/dt4s.eu\/ro\/home-3\/","title":{"rendered":"Acasa"},"content":{"rendered":"<h1>Design Thinking For<\/h1>\n<h2>Sustainability<\/h2>\n<h3>Education<\/h3>\n<p>Solu\u021bie de colaborare inovatoare<\/p>\n<p>Proiectul DT4S vizeaz\u0103 dezvoltarea abilit\u0103\u021bilor de sustenabilitate ale elevilor, facilit\u00e2nd dob\u00e2ndirea de abilit\u0103\u021bi de rezolvare a problemelor, \u00eembun\u0103t\u0103\u021bind capacitatea de colaborare \u0219i capacitatea de a integra cuno\u0219tin\u021bele, pentru a-i preg\u0103ti pe elevi s\u0103 se angajeze activ \u00een dezvoltarea sustenabil\u0103. Proiectul ofer\u0103 o abordare de \u00eenv\u0103\u021bare activ\u0103, bazat\u0103 pe rezolvarea de probleme, care provoac\u0103 elevii s\u0103 identifice parametrii unei provoc\u0103ri date \u0219i experien\u021bele persoanelor privind aceasta.<\/p>\n<p><a href=\"\/about\">About<\/a> <a href=\"https:\/\/dt4s.e-ce.uth.gr\/#\/\">DT4S Platform<\/a><br \/>\n<a href=\"https:\/\/www.facebook.com\/DT4SProject\"><\/a> <a href=\"https:\/\/twitter.com\/DT4SProject\"><\/a><br \/>\n<img decoding=\"async\" style=\"width: 600px;\" src=\"https:\/\/dt4s.eu\/wp-content\/uploads\/2020\/09\/g6-694x626.png\" \/><\/p>\n<h1>Evenimente &#038; Publica\u021bii<\/h1>\n<p><img decoding=\"async\" style=\"margin-top: 1%; margin-bottom: 2%;\" src=\"\/wp-content\/uploads\/2020\/03\/bullets1.png\" \/><\/p>\n<h2>\u0218tiri<\/h2>\n<p>[post-carousel id=&#8221;1337&#8243;]<\/p>\n<h2>Tweets<\/h2>\n<p>@DT4SProject<br \/>\n<a href=\"https:\/\/twitter.com\/DT4SProject?ref_src=twsrc%5Etfw\" data-width=\"400\" data-height=\"350\" data-chrome=\"noheader\">Tweets by DT4SProject<\/a> <\/p>\n<h1>Platforma DT4S<\/h1>\n<p><img decoding=\"async\" style=\"margin-top: 1%; margin-bottom: 2%;\" src=\"\/wp-content\/uploads\/2020\/03\/bullets1.png\" \/><br \/>\n<!-- Short description of the DT4S Platform --><br \/>\nPlatforma DT4S integreaz\u0103 designul de \u00eenv\u0103\u021bare activ\u0103 \u0219i practic\u0103 cu ajutorul unor instrumente de colaborare digital\u0103, care promoveaz\u0103 experien\u021bele educa\u021bionale \u00eembog\u0103\u021bite prin comunicare \u0219i colaborare. \u00cen plus, prin intermediul \u00eenv\u0103\u021b\u0103rii active \u0219i practice,  platforma promoveaz\u0103 p\u0103strarea cuno\u0219tin\u021belor \u0219i transferabilitatea acestora din mediul educa\u021bional pe pia\u021ba muncii, facilit\u00e2nd dezvoltarea competen\u021belor solicitate.<\/p>\n<p><a href=\"https:\/\/dt4s.e-ce.uth.gr\/#\/\">Accea\u021bi platforma DT4S<\/a><\/p>\n<p><img decoding=\"async\" src=\"\/wp-content\/uploads\/platform\/dt4s-pltf-2.png\" \/><\/p>\n<h1>Rezultatele DT4S<\/h1>\n<h2>Calendarul proiectului<\/h2>\n<p><img decoding=\"async\" style=\"margin-top: 1%; margin-bottom: 2%;\" src=\"\/wp-content\/uploads\/2020\/03\/bullets1.png\" \/><\/p>\n<div class='white' style='background:rgba(0,0,0,0); border:solid 0px rgba(0,0,0,0); border-radius:0px; padding:0px 0px 0px 0px;'>\n<div id='slider_903' class='owl-carousel sa_owl_theme autohide-arrows' data-slider-id='slider_903' style='visibility:hidden;'>\n<div id='slider_903_slide01' class='sa_hover_container' style='padding:5% 5%; margin:0px 0%; '><div class=\"project-outputs\">\r\n<div class=\"event-item\">\r\n<div class=\"date\"><span class=\"number\">R<\/span> 1<\/div>\r\n<div class=\"info\">\r\n<h3 class=\"title\">Un cadru metodologic activ de \u00eenv\u0103\u021bare pentru dezvoltarea abilit\u0103\u021bilor sustenabile, \u00een conformitate cu principiile g\u00e2ndirii de proiectare<\/h3>\r\n<h4>VIRTUAL CAMPUS LDA<\/h4>\r\n<\/div>\r\n<\/div>\r\n<\/div><\/div>\n<div id='slider_903_slide02' class='sa_hover_container' style='padding:5% 5%; margin:0px 0%; '><div class=\"project-outputs\">\r\n<div class=\"event-item\">\r\n<div class=\"date\"><span class=\"number\">R<\/span> 2<\/div>\r\n<div class=\"info\">\r\n<h3 class=\"title\">Dezvoltarea unei platforme digitale de \u00eenv\u0103\u021bare pentru dezvoltarea abilit\u0103\u021bilor sustenabile, \u00een conformitate cu principiile g\u00e2ndirii de proiectare<\/h3>\r\n<h4>PANEPISTIMIO THESSALIAS<\/h4>\r\n<\/div>\r\n<\/div>\r\n<\/div><\/div>\n<div id='slider_903_slide03' class='sa_hover_container' style='padding:5% 5%; margin:0px 0%; '><div class=\"project-outputs\">\r\n<div class=\"event-item\">\r\n<div class=\"date\"><span class=\"number\">R<\/span>3<\/div>\r\n<div class=\"info\">\r\n<h3 class=\"title\">Activit\u0103\u021bi de educa\u021bie sustenabil\u0103 realizate cu ajutorul platformei DT4S<\/h3>\r\n<h4>ISTANBUL VALILIGI<\/h4>\r\n<\/div>\r\n<\/div>\r\n<\/div><\/div>\n<div id='slider_903_slide04' class='sa_hover_container' style='padding:5% 5%; margin:0px 0%; '><div class=\"project-outputs\">\r\n<div class=\"event-item\">\r\n<div class=\"date\"><span class=\"number\">R<\/span> 4<\/div>\r\n<div class=\"info\">\r\n<h3 class=\"title\">Suport pentru proces instructiv<\/h3>\r\n<h4>TALLINN UNIVERSITY<\/h4>\r\n<\/div>\r\n<\/div>\r\n<\/div><\/div>\n<div id='slider_903_slide05' class='sa_hover_container' style='padding:5% 5%; margin:0px 0%; '><div class=\"project-outputs\">\r\n<div class=\"event-item\">\r\n<div class=\"date\"><span class=\"number\">R<\/span>5<\/div>\r\n<div class=\"info\">\r\n<h3 class=\"title\">Bune practici privind utilizarea principiilor de g\u00e2ndire a proiect\u0103rii pentru educa\u021bie sustenabil\u0103, rezultate din activit\u0103\u021bile de evaluare<\/h3>\r\n<h4>ADVANCED TECHNOLOGY SYSTEMS<\/h4>\r\n<\/div>\r\n<\/div>\r\n<\/div><\/div>\n<\/div>\n<\/div>\n<script type='text\/javascript'>\n\tjQuery(document).ready(function() {\n\t\tjQuery('#slider_903').owlCarousel({\n\t\t\tresponsive:{\n\t\t\t\t0:{ items:1 },\n\t\t\t\t480:{ items:2 },\n\t\t\t\t768:{ items:3 },\n\t\t\t\t980:{ items:5 },\n\t\t\t\t1200:{ items:5 },\n\t\t\t\t1500:{ items:5 }\n\t\t\t},\n\t\t\tautoplay : true,\n\t\t\tautoplayTimeout : 30000,\n\t\t\tautoplayHoverPause : true,\n\t\t\tsmartSpeed : 3000,\n\t\t\tfluidSpeed : 3000,\n\t\t\tautoplaySpeed : 3000,\n\t\t\tnavSpeed : 3000,\n\t\t\tdotsSpeed : 3000,\n\t\t\tloop : false,\n\t\t\tnav : false,\n\t\t\tnavText : ['Previous','Next'],\n\t\t\tdots : false,\n\t\t\tresponsiveRefreshRate : 200,\n\t\t\tslideBy : 12,\n\t\t\tmergeFit : true,\n\t\t\tautoHeight : false,\n\t\t\tmouseDrag : false,\n\t\t\ttouchDrag : true\n\t\t});\n\t\tjQuery('#slider_903').css('visibility', 'visible');\n\t\tsa_resize_slider_903();\n\t\twindow.addEventListener('resize', sa_resize_slider_903);\n\t\tfunction sa_resize_slider_903() {\n\t\t\tvar min_height = '50';\n\t\t\tvar win_width = jQuery(window).width();\n\t\t\tvar slider_width = jQuery('#slider_903').width();\n\t\t\tif (win_width < 480) {\n\t\t\t\tvar slide_width = slider_width \/ 1;\n\t\t\t} else if (win_width < 768) {\n\t\t\t\tvar slide_width = slider_width \/ 2;\n\t\t\t} else if (win_width < 980) {\n\t\t\t\tvar slide_width = slider_width \/ 3;\n\t\t\t} else if (win_width < 1200) {\n\t\t\t\tvar slide_width = slider_width \/ 5;\n\t\t\t} else if (win_width < 1500) {\n\t\t\t\tvar slide_width = slider_width \/ 5;\n\t\t\t} else {\n\t\t\t\tvar slide_width = slider_width \/ 5;\n\t\t\t}\n\t\t\tslide_width = Math.round(slide_width);\n\t\t\tvar slide_height = '0';\n\t\t\tif (min_height == 'aspect43') {\n\t\t\t\tslide_height = (slide_width \/ 4) * 3;\t\t\t\tslide_height = Math.round(slide_height);\n\t\t\t} else if (min_height == 'aspect169') {\n\t\t\t\tslide_height = (slide_width \/ 16) * 9;\t\t\t\tslide_height = Math.round(slide_height);\n\t\t\t} else {\n\t\t\t\tslide_height = (slide_width \/ 100) * min_height;\t\t\t\tslide_height = Math.round(slide_height);\n\t\t\t}\n\t\t\tjQuery('#slider_903 .owl-item .sa_hover_container').css('min-height', slide_height+'px');\n\t\t}\n\t\tvar owl_goto = jQuery('#slider_903');\n\t\tjQuery('.slider_903_goto1').click(function(event){\n\t\t\towl_goto.trigger('to.owl.carousel', 0);\n\t\t});\n\t\tjQuery('.slider_903_goto2').click(function(event){\n\t\t\towl_goto.trigger('to.owl.carousel', 1);\n\t\t});\n\t\tjQuery('.slider_903_goto3').click(function(event){\n\t\t\towl_goto.trigger('to.owl.carousel', 2);\n\t\t});\n\t\tjQuery('.slider_903_goto4').click(function(event){\n\t\t\towl_goto.trigger('to.owl.carousel', 3);\n\t\t});\n\t\tjQuery('.slider_903_goto5').click(function(event){\n\t\t\towl_goto.trigger('to.owl.carousel', 4);\n\t\t});\n\t\tvar resize_936 = jQuery('.owl-carousel');\n\t\tresize_936.on('initialized.owl.carousel', function(e) {\n\t\t\tif (typeof(Event) === 'function') {\n\t\t\t\twindow.dispatchEvent(new Event('resize'));\n\t\t\t} else {\n\t\t\t\tvar evt = window.document.createEvent('UIEvents');\n\t\t\t\tevt.initUIEvent('resize', true, false, window, 0);\n\t\t\t\twindow.dispatchEvent(evt);\n\t\t\t}\n\t\t});\n\t});\n<\/script>\n\n<h1>Parteneri<\/h1>\n<h2>Proiect finan\u021bat prin programul Erasmus+<\/h2>\n<p><img decoding=\"async\" src=\"\/wp-content\/uploads\/2020\/03\/bullets1.png\" \/><br \/>\n<!-- Partners short description --><br \/>\n<img decoding=\"async\" src=\"\/wp-content\/uploads\/2020\/03\/logo_valilik.png\"><\/p>\n<h1>COORDONATOR <br \/>ISTANBUL VALILIGI<\/h1>\n<p><a href=\"http:\/\/www.istanbulab.gov.tr\/\"><\/a><br \/>\n<a href=\"https:\/\/www.facebook.com\/istanbulvaliligi\/\"><\/a><br \/>\n<a href=\"https:\/\/twitter.com\/abmerkez\"><\/a><br \/>\n<a href=\"https:\/\/www.instagram.com\/tc_istanbul\/\"><\/a><br \/>\n<a href=\"https:\/\/www.youtube.com\/channel\/UCeNs3cIOat5M9rtcIPXDLiQ\" rel=\"wpdevart_lightbox_video\"><\/a><br \/>\n<img decoding=\"async\" src=\"\/wp-content\/uploads\/2020\/03\/logo_uth.png\"><\/p>\n<h1>PARTENER 1 <br \/>PANEPISTIMIO THESSALIAS<\/h1>\n<p><a href=\"https:\/\/www.uth.gr\/\"><\/a><br \/>\n<a href=\"https:\/\/www.facebook.com\/uth.gr\/\"><\/a><br \/>\n<a href=\"https:\/\/twitter.com\/uth_gr\"><\/a><br \/>\n<a href=\"https:\/\/www.linkedin.com\/school\/university-of-thessaly\/\"><\/a><br \/>\n<a href=\"https:\/\/www.instagram.com\/explore\/locations\/221264296\/\"><\/a><br \/>\n<a href=\"https:\/\/www.youtube.com\/channel\/UCWW1ARXus-UVs-yT8xNEUsQ\" rel=\"wpdevart_lightbox_video\"><\/a><br \/>\n<img decoding=\"async\" src=\"\/wp-content\/uploads\/2020\/03\/logo2_tallinn.png\"><\/p>\n<h1>PARTENER 2 <br \/>TALLINN UNIVERSITY<\/h1>\n<p><a href=\"https:\/\/www.tlu.ee\/en\"><\/a><br \/>\n<a href=\"https:\/\/www.facebook.com\/tallinna.ylikool\/\"><\/a><br \/>\n<a href=\"https:\/\/twitter.com\/tallinnaylikool\"><\/a><br \/>\n<a href=\"https:\/\/www.instagram.com\/tallinnuniversity\/\"><\/a><br \/>\n<a href=\"https:\/\/www.youtube.com\/user\/TallinnaYlikool\" rel=\"wpdevart_lightbox_video\"><\/a><br \/>\n<img decoding=\"async\" src=\"\/wp-content\/uploads\/2020\/03\/logo_virtual-campus.png\"><\/p>\n<h1>PARTENER 3 <br \/>VIRTUAL CAMPUS LDA<\/h1>\n<p><a href=\"http:\/\/virtual-campus.eu\/\"><\/a><br \/>\n<img decoding=\"async\" src=\"\/wp-content\/uploads\/2020\/03\/logo_ats.png\"><\/p>\n<h1>PARTENER 4<br \/>ADVANCED TECHNOLOGY SYSTEMS<\/h1>\n<p><a href=\"https:\/\/ats.com.ro\/\"><\/a><br \/>\n<a href=\"https:\/\/www.facebook.com\/AdvancedTechnologySystemsRo\"><\/a><br \/>\n<a href=\"https:\/\/twitter.com\/ATS_Ro\"><\/a><\/p>\n","protected":false},"excerpt":{"rendered":"<p>Design Thinking For Sustainability Education Solu\u021bie de colaborare inovatoare Proiectul DT4S vizeaz\u0103 dezvoltarea abilit\u0103\u021bilor de sustenabilitate ale elevilor, facilit\u00e2nd dob\u00e2ndirea de abilit\u0103\u021bi de rezolvare a problemelor, \u00eembun\u0103t\u0103\u021bind capacitatea de colaborare \u0219i capacitatea de a integra cuno\u0219tin\u021bele, pentru a-i preg\u0103ti pe<\/p>\n","protected":false},"author":1,"featured_media":0,"parent":0,"menu_order":0,"comment_status":"closed","ping_status":"closed","template":"","meta":{"footnotes":""},"class_list":["post-1365","page","type-page","status-publish","hentry"],"translation":{"provider":"WPGlobus","version":"3.0.0","language":"ro","enabled_languages":["en","tr","gr","pt","ro","ee"],"languages":{"en":{"title":true,"content":true,"excerpt":false},"tr":{"title":true,"content":true,"excerpt":false},"gr":{"title":false,"content":true,"excerpt":false},"pt":{"title":false,"content":true,"excerpt":false},"ro":{"title":true,"content":true,"excerpt":false},"ee":{"title":false,"content":true,"excerpt":false}}},"_links":{"self":[{"href":"https:\/\/dt4s.eu\/ro\/wp-json\/wp\/v2\/pages\/1365","targetHints":{"allow":["GET"]}}],"collection":[{"href":"https:\/\/dt4s.eu\/ro\/wp-json\/wp\/v2\/pages"}],"about":[{"href":"https:\/\/dt4s.eu\/ro\/wp-json\/wp\/v2\/types\/page"}],"author":[{"embeddable":true,"href":"https:\/\/dt4s.eu\/ro\/wp-json\/wp\/v2\/users\/1"}],"replies":[{"embeddable":true,"href":"https:\/\/dt4s.eu\/ro\/wp-json\/wp\/v2\/comments?post=1365"}],"version-history":[{"count":17,"href":"https:\/\/dt4s.eu\/ro\/wp-json\/wp\/v2\/pages\/1365\/revisions"}],"predecessor-version":[{"id":1651,"href":"https:\/\/dt4s.eu\/ro\/wp-json\/wp\/v2\/pages\/1365\/revisions\/1651"}],"wp:attachment":[{"href":"https:\/\/dt4s.eu\/ro\/wp-json\/wp\/v2\/media?parent=1365"}],"curies":[{"name":"wp","href":"https:\/\/api.w.org\/{rel}","templated":true}]}}