{"id":379,"date":"2020-05-25T13:38:26","date_gmt":"2020-05-25T12:38:26","guid":{"rendered":"https:\/\/dt4s.eu\/?page_id=379"},"modified":"2022-05-23T12:33:11","modified_gmt":"2022-05-23T11:33:11","slug":"partners","status":"publish","type":"page","link":"https:\/\/dt4s.eu\/ro\/partners\/","title":{"rendered":"Parteneri"},"content":{"rendered":"<p><img decoding=\"async\" src=\"https:\/\/dt4s.eu\/wp-content\/uploads\/elementor\/thumbs\/goi-logo_1-pa028hofugac9zldfwfut8zzbgiihaauge07deb4h8.png\" title=\"goi-logo_1\" alt=\"goi-logo_1\" \/>\t\t\t\t\t\t\t\t\t\t\t<\/p>\n<h3><b>Autoritatea Public\u0103 Local\u0103, Istanbul (GOI)<\/b><\/h3>\n<p>Autoritatea Public\u0103 Local\u0103 din Istanbul este coordonatorul proiectului \u0219i are \u00een atribu\u021bii\u00a0reglementarea \u0219i supravegherea managementului general al proiectului \u0219i desf\u0103\u0219urarea \u0219i implementarea acestuia \u00een Istanbul.\u00a0<br \/>\nCa \u0219i institu\u021bie, aceasta se ocup\u0103 cu aplicarea instruc\u021biunilor \u0219i ordinelor primite de la ministere, asigur\u00e2nd punerea \u00een aplicare a legilor, statutelor, regulamentelor \u0219i hot\u0103r\u00e2rilor guvernamentale. Este reprezentantul administra\u021biei centrale din provincie \u0219i este cea mai \u00eenalt\u0103 institu\u021bie administrativ\u0103 din cadrul grani\u021belor provinciale. Cu ajutorul celor aproximativ 300 de angaja\u021bi,\u00a0ofer\u0103 servicii \u00een diferite domenii. Autoritatea Public\u0103 Local\u0103 din Istanbul \u0219i Biroul de Rela\u021bii externe desf\u0103\u0219oar\u0103 proiecte na\u021bionale \u0219i interna\u021bionale \u00een numele guvernului Turciei. Se acord\u0103 prioritate sprijinirii grupurilor defavorizate, cum ar fi persoanele cu dizabilit\u0103\u021bi, imigran\u021bii, \u0219omerii sau tinerii\/adul\u021bii f\u0103r\u0103 studii. \u00cen acest context, colaboreaz\u0103 cu alte institu\u021bii publice, universit\u0103\u021bi, centre de educa\u021bie pentru tineri \u0219i adul\u021bi f\u0103r\u0103 studii, centre de formare profesional\u0103 \u0219i organiza\u021bii neguvernamentale.<br \/>\nOfer\u0103 instruiri prin intermediul centrului de educa\u021bie continu\u0103 \u0219i are rolul de administrare al Consiliului de conformitate, consiliere \u0219i orientare al Uniunii Europene, care a fost \u00eenfiin\u021bat \u00eempreun\u0103 cu Ministerul de Interne: 26.01.2010 \u0219i 2010\/6:<br \/>\n\u2022 Asigurarea unei particip\u0103ri active la procesul de aderare la UE<br \/>\n\u2022 S\u0103 urmeze pe deplin implement\u0103rile reformelor administrative \u0219i legale efectuate \u00een acest cadru<br \/>\n\u2022 Pentru a permite o mai bun\u0103 \u00een\u021belegere a procesului de aderare la UE \u00een r\u00e2ndul publicului<br \/>\n\u2022 Leadership eficient \u00een provincii \u00een ceea ce prive\u0219te utilizarea eficient\u0103 a resurselor financiare ale UE<br \/>\n\t\t\t\t\t\t\t\t\t\t<img loading=\"lazy\" decoding=\"async\" width=\"300\" height=\"83\" src=\"https:\/\/dt4s.eu\/wp-content\/uploads\/2020\/03\/logo_tallinn-300x83.png\" alt=\"\" loading=\"lazy\" srcset=\"https:\/\/dt4s.eu\/wp-content\/uploads\/2020\/03\/logo_tallinn-300x83.png 300w, https:\/\/dt4s.eu\/wp-content\/uploads\/2020\/03\/logo_tallinn-1024x282.png 1024w, https:\/\/dt4s.eu\/wp-content\/uploads\/2020\/03\/logo_tallinn-768x211.png 768w, https:\/\/dt4s.eu\/wp-content\/uploads\/2020\/03\/logo_tallinn.png 1280w\" sizes=\"auto, (max-width: 300px) 100vw, 300px\" \/>\t\t\t\t\t\t\t\t\t\t\t<\/p>\n<h3><b>Universitatea din Tallin<\/b><\/h3>\n<p>Universitatea din Tallinn este cea mai mare universitate de \u0219tiin\u021be umane din Tallinn \u0219i a treia cea mai mare universitate public\u0103 din Estonia. Are aproximativ 7.000 de studen\u021bi (10% dintre ei interna\u021bionali) \u0219i aproximativ 800 de angaja\u021bi, inclusiv 400 de cercet\u0103tori \u0219i lectori. Dorind s\u0103 contribuim la dezvoltarea societ\u0103\u021bii si a mediului academic, universitatea \u00ee\u0219i propune s\u0103 devin\u0103 promotorul stilului de via\u021b\u0103 inteligent \u00een Estonia, contribuind \u0219i la bun\u0103starea cet\u0103\u021benilor s\u0103i. \u00cen ultimii 15 ani, Universitatea din Tallinn a fuzionat o serie de institu\u021bii de studiu \u0219i cercetare. Acest lucru a extins \u00een mod semnificativ domeniul de responsabilitate pe care \u00eel de\u021bine universitatea. Cele cinci domenii de interes interdisciplinar sunt inova\u021bia educa\u021bional\u0103, cultura digital\u0103 \u0219i media, competen\u021bele culturale, stilul de via\u021b\u0103 s\u0103n\u0103tos \u0219i durabil \u0219i societatea \u0219i administrarea deschis\u0103.<\/p>\n<p>\t\t\t\t\t\t\t\t\t\t<img loading=\"lazy\" decoding=\"async\" width=\"300\" height=\"260\" src=\"https:\/\/dt4s.eu\/wp-content\/uploads\/2020\/03\/logo_uth.png\" alt=\"\" loading=\"lazy\" \/>\t\t\t\t\t\t\t\t\t\t\t<\/p>\n<h3><strong>Universitatea din Tessalia<\/strong><\/h3>\n<p>\t\t\t\t\t\t\t\t\t\t<img loading=\"lazy\" decoding=\"async\" width=\"300\" height=\"260\" src=\"https:\/\/dt4s.eu\/wp-content\/uploads\/2020\/03\/logo_virtual-campus.png\" alt=\"\" loading=\"lazy\" \/>\t\t\t\t\t\t\t\t\t\t\t<\/p>\n<h3><b>Virtual Campus LDA<\/b><\/h3>\n<p>Virtual Campus este o \u00eentreprindere mic\u0103 \u0219i mijlocie care se ocup\u0103 cu dezvoltare, instruire \u0219i consultan\u021b\u0103 \u00een domeniile educa\u021bionale, \u00eembun\u0103t\u0103\u021bite prin tehnologie, jocuri educa\u021bionale \u0219i sisteme informatice. Viziunea sa este de a promova \u00een mod activ dezvoltarea cunoa\u0219terii, prin sprijinirea entit\u0103\u021bilor publice \u0219i private \u00een procesul de proiectare \u0219i dezvoltare a strategiilor \u0219i proiectelor care duc la cre\u0219terea beneficiilor societ\u0103\u021bii. Virtual Campus a produs cu succes con\u021binut multimedia de e-learning pentru diferite platforme (desktopuri, mobile, tablete), \u00een medii diferite (online, standalone) \u00een scopuri diferite (formare profesional\u0103, servicii de urgen\u021b\u0103, \u00eenv\u0103\u021b\u0103m\u00e2nt superior, \u00eenv\u0103\u021b\u0103m\u00e2nt secundar) \u0219i \u00een diferite domenii (proiecte de cercetare \u0219i dezvoltare, contracte).<\/p>\n<p>\u00a0<\/p>\n<p>Virtual Campus a dezvoltat o gam\u0103 larg\u0103 de jocuri educa\u021bionale \u0219i medii virtuale pentru educa\u021bie \u0219i formare \u0219i a lansat mai multe produse pentru diferite grupuri \u021bint\u0103, cum ar fi LOEL (pentru inteligen\u021ba emo\u021bional\u0103 la adolescen\u021bi), Transform @ (dezvoltarea abilit\u0103\u021bilor antreprenoriale), examinator (studen\u021bi din \u00eenv\u0103\u021b\u0103m\u00e2ntul secundar), Geoquizz (toate v\u00e2rstele), Chemdrops (Studen\u021bi din \u00eenv\u0103\u021b\u0103m\u00e2ntul secundar), Globall Manager (un joc pentru managerii IMM-urilor \u0219i studen\u021bii din \u00eenv\u0103\u021b\u0103m\u00e2ntul superior), eCity (un joc pentru studen\u021bii cu profil inginerie), UISEL (jocuri pentru dezvoltarea alfabetiz\u0103rii digitale a persoanelor \u00een v\u00e2rst\u0103), PARENTNETS (joc pentru p\u0103rin\u021bi cu privire la prevenirea riscurilor pe re\u021belele sociale \u0219i internet) \u0219i Transform @ (un joc de mas\u0103 online multiplayer pentru a dezvolta abilit\u0103\u021bi antreprenoriale). Virtual Campus este, de asemenea, unul dintre liderii SEGAN, Serious Game Network, un grup european de practican\u021bi \u0219i exper\u021bi \u00een jocuri educa\u021bionale.<\/p>\n<p>\t\t\t\t\t\t\t\t\t\t<img loading=\"lazy\" decoding=\"async\" width=\"300\" height=\"260\" src=\"https:\/\/dt4s.eu\/wp-content\/uploads\/2020\/03\/logo_ats.png\" alt=\"\" loading=\"lazy\" \/>\t\t\t\t\t\t\t\t\t\t\t<\/p>\n<h3><b>Advanced Technology Systems SRL<\/b><\/h3>\n<p>Advanced Technology Systems|&nbsp;<font color=\"#000000\">ATS ofer\u0103 solu\u021bii software \u0219i servicii pentru mediile educa\u021bionale, administra\u021bii publice \u0219i companii. Solu\u021biile sale de eGuvernare au fost implementate \u00een peste 80 de organiza\u021bii publice, inclusiv ministere \u0219i consilii jude\u021bene. Produsele dezvoltate de ATS sunt sus\u021binute prin activit\u0103\u021bile departamentului de cercetare, dezvoltare \u0219i inovare, a c\u0103rui misiune este de a crea valori economice \u0219i sociale moi. ATS a coordonat \u0219i a participat ca manager tehnic la&nbsp; proiecte de cercetare na\u021bionale \u0219i europene, care vizeaz\u0103 \u00eenv\u0103\u021barea \u00eembun\u0103t\u0103\u021bit\u0103 prin tehnologie, cum ar fi Proiectul BEACONING \u0219i GALA &#8211;&nbsp;<\/font>Games and Learning Alliance. Eforturile sale s-au concentrat pe dezvoltarea de ecosisteme de \u00eenv\u0103\u021bare pe scar\u0103 larg\u0103, instrumente de tip authoring, solu\u021bii privind accesibilitatea, jocuri digitale \u0219i platforme de stocare a resurselor digitale, etc. Aceste solu\u021bii au fost implementate \u00een peste 14 \u021b\u0103ri. ATS este un participant activ la re\u021belele na\u021bionale \u0219i interna\u021bionale, cum ar fi BEACONING (Breaking Educational Barriers with Contextualised, Pervasive and Gameful Learning), ARIES (Asocia\u021bia Rom\u00e2n\u0103 pentru Industria Electronic\u0103 \u0219i Software) &#8211; cea mai mare asocia\u021bie IT din sud-estul Europei; Romania Advanced Distributed Learning Partnership Lab;&nbsp;Rural NEET Youth Network.<\/p>\n","protected":false},"excerpt":{"rendered":"<p>Autoritatea Public\u0103 Local\u0103, Istanbul (GOI) Autoritatea Public\u0103 Local\u0103 din Istanbul este coordonatorul proiectului \u0219i are \u00een atribu\u021bii\u00a0reglementarea \u0219i supravegherea managementului general al proiectului \u0219i desf\u0103\u0219urarea \u0219i implementarea acestuia \u00een Istanbul.\u00a0 Ca \u0219i institu\u021bie, aceasta se ocup\u0103 cu aplicarea instruc\u021biunilor \u0219i<\/p>\n","protected":false},"author":1,"featured_media":0,"parent":0,"menu_order":0,"comment_status":"closed","ping_status":"closed","template":"","meta":{"footnotes":""},"class_list":["post-379","page","type-page","status-publish","hentry"],"translation":{"provider":"WPGlobus","version":"3.0.0","language":"ro","enabled_languages":["en","tr","gr","pt","ro","ee"],"languages":{"en":{"title":true,"content":true,"excerpt":false},"tr":{"title":true,"content":true,"excerpt":false},"gr":{"title":false,"content":true,"excerpt":false},"pt":{"title":false,"content":true,"excerpt":false},"ro":{"title":true,"content":true,"excerpt":false},"ee":{"title":false,"content":true,"excerpt":false}}},"_links":{"self":[{"href":"https:\/\/dt4s.eu\/ro\/wp-json\/wp\/v2\/pages\/379","targetHints":{"allow":["GET"]}}],"collection":[{"href":"https:\/\/dt4s.eu\/ro\/wp-json\/wp\/v2\/pages"}],"about":[{"href":"https:\/\/dt4s.eu\/ro\/wp-json\/wp\/v2\/types\/page"}],"author":[{"embeddable":true,"href":"https:\/\/dt4s.eu\/ro\/wp-json\/wp\/v2\/users\/1"}],"replies":[{"embeddable":true,"href":"https:\/\/dt4s.eu\/ro\/wp-json\/wp\/v2\/comments?post=379"}],"version-history":[{"count":90,"href":"https:\/\/dt4s.eu\/ro\/wp-json\/wp\/v2\/pages\/379\/revisions"}],"predecessor-version":[{"id":2115,"href":"https:\/\/dt4s.eu\/ro\/wp-json\/wp\/v2\/pages\/379\/revisions\/2115"}],"wp:attachment":[{"href":"https:\/\/dt4s.eu\/ro\/wp-json\/wp\/v2\/media?parent=379"}],"curies":[{"name":"wp","href":"https:\/\/api.w.org\/{rel}","templated":true}]}}