{"id":414,"date":"2020-08-13T09:25:48","date_gmt":"2020-08-13T08:25:48","guid":{"rendered":"https:\/\/dt4s.eu\/?page_id=414"},"modified":"2022-05-20T11:53:30","modified_gmt":"2022-05-20T10:53:30","slug":"dt4s-platform","status":"publish","type":"page","link":"https:\/\/dt4s.eu\/ro\/dt4s-platform\/","title":{"rendered":"Platforma DT4S"},"content":{"rendered":"<p>\u00a0Platforma DT4S promoveaz\u0103 crearea de metode de \u00eenv\u0103\u021bare inovatoare, integr\u00e2nd tehnologii TIC emergente. Solu\u021biile propuse de platform\u0103 urm\u0103resc s\u0103 faciliteze \u00eenv\u0103\u021barea activ\u0103 \u0219i practic\u0103, pun\u00e2nd la dispozi\u021bie instrumente de colaborare digital\u0103 \u0219i promov\u00e2nd activit\u0103\u021bile educa\u021bionale \u00eembog\u0103\u021bite prin comunicare \u0219i colaborare. \u00cen plus, metoda de \u00eenv\u0103\u021bare activ\u0103 \u0219i experen\u021bial\u0103 promoveaz\u0103 dob\u00e2ndirea de cuno\u0219tin\u021belor noi \u0219i transferabilitatea acestora, facilit\u00e2nd dob\u00e2ndrea de aptitudini \u0219i competen\u021be necesare pe pia\u021ba muncii.<\/p>\n<p>&nbsp;<\/p>\n<p><!-- \/wp:html --><\/p>\n<p><!-- wp:html --><\/p>\n<p>Platforma DT4S are la baz\u0103 metodologia de proiectare a g\u00e2ndirii \u0219i ofer\u0103 suport digital pentru implementarea acestei metodologii \u00een mediile educa\u021bionale. Platforma permite crearea de activit\u0103\u021bi de \u00eenv\u0103\u021bare, av\u00e2nd la baz\u0103 conceptul de sustenabilitate, care pot fi incluse \u00een cursuri, pe diferite subiecte de studiu, urm\u0103rind colaborarea \u00eentre elevi, prin crearea unor grupuri de lucru.\u00a0<\/p>\n<p>&nbsp;<\/p>\n<p><img decoding=\"async\" src=\"\/wp-content\/uploads\/2020\/03\/bullets1.png\" \/><\/p>\n<p><!-- \/wp:html --><\/p>\n<p><!-- wp:html --><\/p>\n<img decoding=\"async\" style=\"width: 40%; margin-left: 10%;\" src=\"\/wp-content\/uploads\/2020\/08\/teacher-ui.png\" \/> <img decoding=\"async\" style=\"width: 40%;\" src=\"\/wp-content\/uploads\/2020\/08\/student-ui.png\" \/>\n<p><!-- \/wp:html --><\/p>\n<p><!-- wp:html --><\/p>\n<p style=\"text-align: center;\"><a style=\"background-color: #176082; padding: 15px; font-size: 16px; border-radius: 5px; color: #fff;\" href=\"https:\/\/dt4s.e-ce.uth.gr\/#\/\">Acceseaz\u0103 platforma DT4S<\/a> <a style=\"padding: 15px; font-size: 16px; border-radius: 5px;\" href=\"https:\/\/dt4s.eu\/wp-content\/uploads\/2020\/11\/O2.-DT4S-Software-Manual.pdf\">Manual Utilizatori<\/a><\/p>","protected":false},"excerpt":{"rendered":"<p>\u00a0Platforma DT4S promoveaz\u0103 crearea de metode de \u00eenv\u0103\u021bare inovatoare, integr\u00e2nd tehnologii TIC emergente. Solu\u021biile propuse de platform\u0103 urm\u0103resc s\u0103 faciliteze \u00eenv\u0103\u021barea activ\u0103 \u0219i practic\u0103, pun\u00e2nd la dispozi\u021bie instrumente de colaborare digital\u0103 \u0219i promov\u00e2nd activit\u0103\u021bile educa\u021bionale \u00eembog\u0103\u021bite prin comunicare \u0219i colaborare.<\/p>\n","protected":false},"author":1,"featured_media":0,"parent":0,"menu_order":0,"comment_status":"closed","ping_status":"closed","template":"","meta":{"footnotes":""},"class_list":["post-414","page","type-page","status-publish","hentry"],"translation":{"provider":"WPGlobus","version":"3.0.0","language":"ro","enabled_languages":["en","tr","gr","pt","ro","ee"],"languages":{"en":{"title":true,"content":true,"excerpt":false},"tr":{"title":true,"content":true,"excerpt":false},"gr":{"title":false,"content":true,"excerpt":false},"pt":{"title":false,"content":true,"excerpt":false},"ro":{"title":true,"content":true,"excerpt":false},"ee":{"title":false,"content":true,"excerpt":false}}},"_links":{"self":[{"href":"https:\/\/dt4s.eu\/ro\/wp-json\/wp\/v2\/pages\/414","targetHints":{"allow":["GET"]}}],"collection":[{"href":"https:\/\/dt4s.eu\/ro\/wp-json\/wp\/v2\/pages"}],"about":[{"href":"https:\/\/dt4s.eu\/ro\/wp-json\/wp\/v2\/types\/page"}],"author":[{"embeddable":true,"href":"https:\/\/dt4s.eu\/ro\/wp-json\/wp\/v2\/users\/1"}],"replies":[{"embeddable":true,"href":"https:\/\/dt4s.eu\/ro\/wp-json\/wp\/v2\/comments?post=414"}],"version-history":[{"count":85,"href":"https:\/\/dt4s.eu\/ro\/wp-json\/wp\/v2\/pages\/414\/revisions"}],"predecessor-version":[{"id":2097,"href":"https:\/\/dt4s.eu\/ro\/wp-json\/wp\/v2\/pages\/414\/revisions\/2097"}],"wp:attachment":[{"href":"https:\/\/dt4s.eu\/ro\/wp-json\/wp\/v2\/media?parent=414"}],"curies":[{"name":"wp","href":"https:\/\/api.w.org\/{rel}","templated":true}]}}