{"id":690,"date":"2020-09-24T14:26:41","date_gmt":"2020-09-24T13:26:41","guid":{"rendered":"https:\/\/dt4s.eu\/?page_id=690"},"modified":"2022-05-20T11:46:53","modified_gmt":"2022-05-20T10:46:53","slug":"about","status":"publish","type":"page","link":"https:\/\/dt4s.eu\/ro\/about\/","title":{"rendered":"Despre"},"content":{"rendered":"<h2 style=\"text-align: center;\">Design Thinking for Sustainability<\/h2>\n<p style=\"font-size: 17px; text-align: center;\">Proiectul DT4S, finan\u021bat prin programul Erasmus+, are ca obiectiv formarea de abilit\u0103\u021bi din cele mai diverse, necesare \u00een educa\u021bia pentru dezvoltare durabil\u0103 \u0219i nu numai. Proiectul se concentreaz\u0103 pe \u00een\u021belegerea \u0219i combaterea p\u0103r\u0103sirii timpurii a \u0219colii \u0219i dezavantajele acestui fenomen, promov\u00e2nd dezvoltarea unor oferte educa\u021bionale inovatoare, care s\u0103 integreze tehnologiile TIC emergente. ATS este partener \u00een cadrul proiectului DT4S.<\/p>\n<p><img decoding=\"async\" style=\"width: 360px;\" src=\"https:\/\/dt4s.eu\/wp-content\/uploads\/2020\/08\/dt4s-platform.png\"><\/p>\n<p>Coordonator &#8211; ISTANBUL VALILIGI<\/p>\n<p>Partener 1 &#8211; PANEPISTIMIO THESSALIAS<\/p>\n<p>Partener 2 &#8211; TALLINN UNIVERSITY<\/p>\n<p>Partener 3 &#8211; VIRTUAL CAMPUS LDA<\/p>\n<p>Partener 4 &#8211; ADVANCED TECHNOLOGY SYSTEMS SRL<\/p>\n<h3>Descrierea Proiectului DT4S<\/h3>\n<p>Proiectul DT4S urm\u0103re\u0219te facilitarea dob\u00e2ndirii de aptitudini necesare pentru o educa\u021bie durabilit\u0103\u021bii \u0219i nu numai. Pentru a se comporta responsabil, o persoan\u0103 trebuie s\u0103 dispun\u0103 de o capacitate de g\u00e2ndire analitic\u0103 \u0219i critic\u0103 \u0219i s\u0103 g\u00e2ndeasc\u0103 antreprenorial pentru a oferi solu\u021bii inovatoare la provoc\u0103rile sustenabile. Acest concept de sustenabilitate necesit\u0103 colaborarea \u00eentre persoane din medii diferite, capacitatea de a evalua informa\u021biile provenite din diferite surse \u0219i capacitatea de a integra cuno\u0219tin\u021be diverse, pentru a ajunge la solu\u021bii viabile.<br \/>\nCompeten\u021bele sustenabile sunt din ce \u00een ce mai cerute pe pia\u021ba muncii, mediul de afaceri si to\u021bi actorii implica\u021bi, urm\u0103resc ca activit\u0103\u021bile \u0219i ofertele lor de afaceri s\u0103 se bazeze pe practici solide pentru a se conforma reglement\u0103rilor \u0219i pentru a fi acceptate de societate.<br \/>\nAstfel, proiectul DT4S \u00ee\u0219i propune s\u0103 dezvolte o platform\u0103 digital\u0103 inovatoare care s\u0103 promoveze colaborarea \u00eentre studen\u021bi \u00een vederea aplic\u0103rii principiilor de g\u00e2ndire a proiect\u0103rii, \u00een contexte sustenabile. Platforma va facilita colaborarea \u00een profesori \u0219i elevi \u0219i nu numai, prin furnizarea de servicii care s\u0103 permit\u0103 elevilor s\u0103 creeze idei, s\u0103 participe la activit\u0103\u021bi de tip brainstroming \u0219i s\u0103 colaboreze, precum \u0219i s\u0103 aplice principiile de g\u00e2ndire de proiectare. Platforma va fi disponibil\u0103 \u00een mod deschis tuturor p\u0103r\u021bilor interesate la finalizarea proiectului.<br \/>\nProiectul promoveaz\u0103 dezvoltarea unor metode de \u00eenv\u0103\u021bare inovatoare care integreaz\u0103 tehnologiile TIC emergente, av\u00e2nd ca obiectiv formarea de abilit\u0103\u021bi din cele mai diverse, necesare \u00een educa\u021bia pentru dezvoltare durabil\u0103 \u0219i nu numai. Proiectul se concentreaz\u0103 pe \u00een\u021belegerea \u0219i combaterea p\u0103r\u0103sirii timpurii a \u0219colii \u0219i dezavantajele acestui fenomen, promov\u00e2nd dezvoltarea unor metode de \u00eenv\u0103\u021bare inovatoare.<\/p>\n","protected":false},"excerpt":{"rendered":"<p>Design Thinking for Sustainability Proiectul DT4S, finan\u021bat prin programul Erasmus+, are ca obiectiv formarea de abilit\u0103\u021bi din cele mai diverse, necesare \u00een educa\u021bia pentru dezvoltare durabil\u0103 \u0219i nu numai. Proiectul se concentreaz\u0103 pe \u00een\u021belegerea \u0219i combaterea p\u0103r\u0103sirii timpurii a \u0219colii<\/p>\n","protected":false},"author":1,"featured_media":0,"parent":0,"menu_order":0,"comment_status":"closed","ping_status":"closed","template":"","meta":{"footnotes":""},"class_list":["post-690","page","type-page","status-publish","hentry"],"translation":{"provider":"WPGlobus","version":"3.0.0","language":"ro","enabled_languages":["en","tr","gr","pt","ro","ee"],"languages":{"en":{"title":true,"content":true,"excerpt":false},"tr":{"title":true,"content":true,"excerpt":false},"gr":{"title":false,"content":true,"excerpt":false},"pt":{"title":false,"content":true,"excerpt":false},"ro":{"title":true,"content":true,"excerpt":false},"ee":{"title":false,"content":true,"excerpt":false}}},"_links":{"self":[{"href":"https:\/\/dt4s.eu\/ro\/wp-json\/wp\/v2\/pages\/690","targetHints":{"allow":["GET"]}}],"collection":[{"href":"https:\/\/dt4s.eu\/ro\/wp-json\/wp\/v2\/pages"}],"about":[{"href":"https:\/\/dt4s.eu\/ro\/wp-json\/wp\/v2\/types\/page"}],"author":[{"embeddable":true,"href":"https:\/\/dt4s.eu\/ro\/wp-json\/wp\/v2\/users\/1"}],"replies":[{"embeddable":true,"href":"https:\/\/dt4s.eu\/ro\/wp-json\/wp\/v2\/comments?post=690"}],"version-history":[{"count":64,"href":"https:\/\/dt4s.eu\/ro\/wp-json\/wp\/v2\/pages\/690\/revisions"}],"predecessor-version":[{"id":2091,"href":"https:\/\/dt4s.eu\/ro\/wp-json\/wp\/v2\/pages\/690\/revisions\/2091"}],"wp:attachment":[{"href":"https:\/\/dt4s.eu\/ro\/wp-json\/wp\/v2\/media?parent=690"}],"curies":[{"name":"wp","href":"https:\/\/api.w.org\/{rel}","templated":true}]}}