{"id":379,"date":"2020-05-25T13:38:26","date_gmt":"2020-05-25T12:38:26","guid":{"rendered":"https:\/\/dt4s.eu\/?page_id=379"},"modified":"2022-05-23T12:33:11","modified_gmt":"2022-05-23T11:33:11","slug":"partners","status":"publish","type":"page","link":"https:\/\/dt4s.eu\/tr\/partners\/","title":{"rendered":"Ortaklar"},"content":{"rendered":"<p><img decoding=\"async\" src=\"https:\/\/dt4s.eu\/wp-content\/uploads\/elementor\/thumbs\/goi-logo_1-pa028hofugac9zldfwfut8zzbgiihaauge07deb4h8.png\" title=\"goi-logo_1\" alt=\"goi-logo_1\" \/>\t\t\t\t\t\t\t\t\t\t\t<\/p>\n<h3><b>\u0130stanbul Valili\u011fi<\/b><\/h3>\n<p>\u00a0<\/p>\n<p>\u0130stanbul Valili\u011fi \u0130stanbul\u2019un genel idaresini ve gidi\u015fat\u0131n\u0131 d\u00fczenleme ve denetleme ile g\u00f6revlidir. Kanun, t\u00fcz\u00fck, y\u00f6netmelik ve h\u00fck\u00fcmet kararlar\u0131n\u0131n ilan edilmesini ve uygulanmas\u0131n\u0131 sa\u011flayarak bakanl\u0131klardan gelen talimatlar\u0131 ve emirleri uygular. Merkezi idarenin ildeki temsilcisi olup il s\u0131n\u0131rlar\u0131 i\u00e7erisindeki en y\u00fcksek idari kurumdur. Yakla\u015f\u0131k 300 \u00e7al\u0131\u015fan\u0131 ile \u00e7e\u015fitli alanlarda hizmet sa\u011flamaktad\u0131r. \u0130stanbul Valili\u011fi Avrupa Birli\u011fi ve D\u0131\u015f \u0130li\u015fkiler B\u00fcrosu, Valili\u011fimiz ad\u0131na ulusal ve uluslararas\u0131 projeler ger\u00e7ekle\u015ftirmektedir. Kat\u0131l\u0131m sa\u011flanan projelerde engeli olan bireyler, g\u00f6\u00e7menler, istihdam ya da e\u011fitim s\u00fcrecinde olmayan gen\u00e7ler, yeti\u015fkin i\u015fsizler gibi dezavantajl\u0131 gruplar\u0131n desteklenmesine \u00f6ncelik verilmektedir. Bu kapsamda bir\u00e7ok kamu kurumu, \u00fcniversite, gen\u00e7lik ve yeti\u015fkin e\u011fitim merkezleri, mesleki e\u011fitim merkezleri ve sivil toplum kurulu\u015flar\u0131 ile \u00e7al\u0131\u015fmaktad\u0131r.\u00a0<\/p>\n<p>\u00a0<\/p>\n<p>S\u00fcrekli e\u011fitim merkezi arac\u0131l\u0131\u011f\u0131yla ihtiya\u00e7 duyulan konularda e\u011fitimler vermektedir. Ayr\u0131ca \u0130stanbul Valili\u011fi, 26.01.2010 ve 2010\/6 Say\u0131l\u0131 \u0130\u00e7i\u015fleri Bakanl\u0131\u011f\u0131 ile kurulan Avrupa Birli\u011fi Uyum, Dan\u0131\u015fmanl\u0131k ve Rehberlik Kurulunu y\u00f6netmektedir.<\/p>\n<p>\u00a0<\/p>\n<p>\u2022 Valiliklerin AB&#8217;ye kat\u0131l\u0131m s\u00fcrecine aktif kat\u0131l\u0131m\u0131n\u0131 sa\u011flamak<\/p>\n<p>\u00a0<\/p>\n<p>\u2022 Bu \u00e7er\u00e7evede y\u00fcr\u00fct\u00fclen idari ve yasal reformlar\u0131n uygulamalar\u0131n\u0131 tam olarak takip etmek<\/p>\n<p>\u00a0<\/p>\n<p>\u2022 Halk aras\u0131nda AB kat\u0131l\u0131m s\u00fcrecinin daha iyi anla\u015f\u0131lmas\u0131n\u0131 sa\u011flamak<\/p>\n<p>\u00a0<\/p>\n<p>\u2022 Valilikleri, AB mali kaynaklar\u0131n\u0131n verimli kullan\u0131m\u0131 konusunda illerde etkin bir liderlikle harekete ge\u00e7irmek<\/p>\n<p>\t\t\t\t\t\t\t\t\t\t<img loading=\"lazy\" decoding=\"async\" width=\"300\" height=\"83\" src=\"https:\/\/dt4s.eu\/wp-content\/uploads\/2020\/03\/logo_tallinn-300x83.png\" alt=\"\" loading=\"lazy\" srcset=\"https:\/\/dt4s.eu\/wp-content\/uploads\/2020\/03\/logo_tallinn-300x83.png 300w, https:\/\/dt4s.eu\/wp-content\/uploads\/2020\/03\/logo_tallinn-1024x282.png 1024w, https:\/\/dt4s.eu\/wp-content\/uploads\/2020\/03\/logo_tallinn-768x211.png 768w, https:\/\/dt4s.eu\/wp-content\/uploads\/2020\/03\/logo_tallinn.png 1280w\" sizes=\"auto, (max-width: 300px) 100vw, 300px\" \/>\t\t\t\t\t\t\t\t\t\t\t<\/p>\n<h3><b>Tallinn \u00dcniversitesi<\/b><\/h3>\n<p>Tallinn \u00dcniversitesi, Tallinn&#8217;deki en b\u00fcy\u00fck be\u015feri bilimler \u00fcniversitesi ve Estonya&#8217;daki \u00fc\u00e7\u00fcnc\u00fc en b\u00fcy\u00fck devlet \u00fcniversitesidir. Yakla\u015f\u0131k 7.000 \u00f6\u011frencimiz (% 10&#8217;u uluslararas\u0131) ve yakla\u015f\u0131k 400 ara\u015ft\u0131rmac\u0131 ve \u00f6\u011fretim g\u00f6revlisi dahil olmak \u00fczere\u00a0 800 civar\u0131nda \u00e7al\u0131\u015fan\u0131 bulunmaktad\u0131r. Tallinn \u00dcniversitesi topluma daha fazla katk\u0131da bulunmak amac\u0131yla Estonya&#8217;da ak\u0131ll\u0131 ya\u015fam tarz\u0131n\u0131n destekleyicisi olmak i\u00e7in bir hedef belirlemi\u015ftir. \u00dcniversite, ak\u0131ll\u0131 ya\u015fam tarz\u0131n\u0131 genel olarak toplumu ve vatanda\u015flar\u0131n\u0131n refah\u0131n\u0131 iyile\u015ftirmek i\u00e7in ara\u015ft\u0131rmaya dayal\u0131 kararlar vermek olarak yorumlamaktad\u0131r. Tallinn \u00dcniversitesi, son 15 y\u0131lda bir dizi \u00e7al\u0131\u015fma ve ara\u015ft\u0131rma kurumunu birle\u015ftirdi. Bu, \u00f6\u011fretmen e\u011fitiminden ba\u015flay\u0131p koreografiyle biten \u00fcniversitenin sahip oldu\u011fu sorumlulu\u011fun kapsam\u0131n\u0131 \u00f6nemli \u00f6l\u00e7\u00fcde geni\u015fletmi\u015ftir. Disiplinler aras\u0131 be\u015f odak alan\u0131; &#8220;e\u011fitimde yenilik&#8221;, &#8220;medya ve dijital k\u00fclt\u00fcr&#8221;, &#8220;k\u00fclt\u00fcrel yeterlilikler&#8221;, &#8220;sa\u011fl\u0131kl\u0131 ve s\u00fcrd\u00fcr\u00fclebilir ya\u015fam tarz\u0131&#8221; ve &#8220;toplum ve a\u00e7\u0131k y\u00f6neti\u015fim&#8221; olarak belirlenmi\u015ftir.<\/p>\n<p>\t\t\t\t\t\t\t\t\t\t<img loading=\"lazy\" decoding=\"async\" width=\"300\" height=\"260\" src=\"https:\/\/dt4s.eu\/wp-content\/uploads\/2020\/03\/logo_uth.png\" alt=\"\" loading=\"lazy\" \/>\t\t\t\t\t\t\t\t\t\t\t<\/p>\n<h3><b>Teselya \u00dcniversitesi<\/b><\/h3>\n<p>\t\t\t\t\t\t\t\t\t\t<img loading=\"lazy\" decoding=\"async\" width=\"300\" height=\"260\" src=\"https:\/\/dt4s.eu\/wp-content\/uploads\/2020\/03\/logo_virtual-campus.png\" alt=\"\" loading=\"lazy\" \/>\t\t\t\t\t\t\t\t\t\t\t<\/p>\n<h3><b>Virtual Campus LDA.<\/b><\/h3>\n<p>Virtual Campus, teknolojiye dayal\u0131 \u00f6\u011frenme, ciddi oyunlar ve bilgi sistemleri alanlar\u0131nda e\u011fitim geli\u015ftirme ve dan\u0131\u015fmanl\u0131k alan\u0131nda \u00e7al\u0131\u015fan bir KOB\u0130&#8217;dir. Vizyonu, toplumsal faydalar\u0131 art\u0131racak stratejiler ve projeler tasarlama ve geli\u015ftirme s\u00fcrecinde kamu ve \u00f6zel kurulu\u015flar\u0131 destekleyerek bilgi toplumunun geli\u015fimini aktif olarak te\u015fvik etmektir. Virtual Campus, farkl\u0131 platformlar i\u00e7in (masa\u00fcst\u00fc, mobil, tablet), farkl\u0131 ortamlarda (\u00e7evrimi\u00e7i, ba\u011f\u0131ms\u0131z) farkl\u0131 ama\u00e7lara y\u00f6nelik (mesleki e\u011fitim, acil servisler, y\u00fcksek \u00f6\u011fretim, orta\u00f6\u011fretim)\u00a0 kapsam\u0131 geni\u015f ( Ar-Ge ve inovasyon projeleri, m\u00fc\u015fteri s\u00f6zle\u015fmeleri) e-\u00f6\u011frenme i\u00e7erikleri geli\u015ftirmektedir.<\/p>\n<p>\u00a0<\/p>\n<p>\u00a0<\/p>\n<p>Virtual Campus, e\u011fitim ve \u00f6\u011fretim i\u00e7in \u00e7ok \u00e7e\u015fitli ciddi oyunlar ve sanal ortamlar geli\u015ftirmi\u015ftir. LOEL (gen\u00e7lerde duygusal zeka i\u00e7in), Transform @ (giri\u015fimcilik beceri geli\u015ftirme), Examinator (orta\u00f6\u011fretim \u00f6\u011frencileri i\u00e7in), Geoquizz (her ya\u015f i\u00e7in), Chemdrops (orta\u00f6\u011fretim \u00f6\u011frencileri i\u00e7in), Globall Manager (KOB\u0130 y\u00f6neticileri ve y\u00fcksek \u00f6\u011fretim \u00f6\u011frencileri i\u00e7in bir oyun), eCity (m\u00fchendislik \u00f6\u011frencileri i\u00e7in bir oyun), UISEL (ya\u015fl\u0131lar\u0131n dijital okuryazarl\u0131\u011f\u0131n\u0131 geli\u015ftirmeye y\u00f6nelik oyunlar), PARENTNETS (ebeveynler i\u00e7in sosyal a\u011flarda ve internette riskleri \u00f6nleme oyunu) ve Transform @ (giri\u015fimcilik becerilerini geli\u015ftirmek i\u00e7in \u00e7evrim i\u00e7i \u00e7ok oyunculu bir oyun) gibi farkl\u0131 hedef gruplar i\u00e7in \u00e7e\u015fitli \u00fcr\u00fcnler piyasaya s\u00fcrm\u00fc\u015ft\u00fcr. Virtual Campus ayr\u0131ca, &#8220;Ciddi Oyunlar&#8221; alan\u0131nda Avrupal\u0131 bir uygulay\u0131c\u0131lar ve uzmanlar grubu olan &#8220;Ciddi Oyun A\u011f\u0131&#8221; SEGAN&#8217;\u0131n liderlerinden biridir.<\/p>\n<p>\t\t\t\t\t\t\t\t\t\t<img loading=\"lazy\" decoding=\"async\" width=\"300\" height=\"260\" src=\"https:\/\/dt4s.eu\/wp-content\/uploads\/2020\/03\/logo_ats.png\" alt=\"\" loading=\"lazy\" \/>\t\t\t\t\t\t\t\t\t\t\t<\/p>\n<h3><b>Advanced Technology Systems SRL.<\/b><\/h3>\n<p>ATS, e\u011fitim kurumlar\u0131, kamu idareleri ve i\u015fletmeler i\u00e7in yaz\u0131l\u0131m \u00e7\u00f6z\u00fcmleri ve hizmetleri sa\u011flamaktad\u0131r. E-Devlet \u00e7\u00f6z\u00fcmleri, bakanl\u0131klar ve il meclisleri dahil olmak \u00fczere 80&#8217;den fazla kamu kurulu\u015fu taraf\u0131ndan uygulanm\u0131\u015ft\u0131r. ATS taraf\u0131ndan geli\u015ftirilen \u00fcr\u00fcnler, misyonu yeni ekonomik ve sosyal de\u011ferler yaratmak olan Ara\u015ft\u0131rma ve \u0130novasyon Departman\u0131n\u0131n faaliyetleri ile desteklenmektedir. ATS, BEACONING Projesi ve Oyunlar ve \u00d6\u011frenim \u0130ttifak\u0131 gibi teknolojiyle geli\u015ftirilmi\u015f \u00f6\u011frenmeyi hedefleyen \u00e7e\u015fitli ulusal ve b\u00fcy\u00fck \u00f6l\u00e7ekli Avrupa ara\u015ft\u0131rma projelerini koordine etmi\u015f ve teknik y\u00f6netici olarak katk\u0131 sa\u011flam\u0131\u015ft\u0131r. \u00c7al\u0131\u015fmalar\u0131 b\u00fcy\u00fck \u00f6l\u00e7ekli \u00f6\u011frenme ekosistemlerinin, yazarl\u0131k ara\u00e7lar\u0131n\u0131n, eri\u015filebilirlik \u00e7\u00f6z\u00fcmlerinin, dijital oyunlar\u0131n, a\u00e7\u0131k havuzlar\u0131n vb. geli\u015ftirilmesine odaklanm\u0131\u015ft\u0131r. Bu \u00e7\u00f6z\u00fcmler 14&#8217;ten fazla \u00fclkede uygulanm\u0131\u015ft\u0131r. ATS, BEACONING, ARIES (Romanya Elektronik End\u00fcstrisi ve Yaz\u0131l\u0131m Derne\u011fi- G\u00fcneydo\u011fu Avrupa&#8217;daki en b\u00fcy\u00fck BT derne\u011fi) Romanya \u0130leri Da\u011f\u0131t\u0131lm\u0131\u015f \u00d6\u011frenme Ortakl\u0131\u011f\u0131 Laboratuvar\u0131, K\u0131rsal NEET Gen\u00e7lik A\u011f\u0131\u00a0 gibi ulusal ve uluslararas\u0131 a\u011flarda aktif bir kat\u0131l\u0131mc\u0131d\u0131r.\u00a0<\/p>\n","protected":false},"excerpt":{"rendered":"<p>\u0130stanbul Valili\u011fi \u00a0 \u0130stanbul Valili\u011fi \u0130stanbul\u2019un genel idaresini ve gidi\u015fat\u0131n\u0131 d\u00fczenleme ve denetleme ile g\u00f6revlidir. Kanun, t\u00fcz\u00fck, y\u00f6netmelik ve h\u00fck\u00fcmet kararlar\u0131n\u0131n ilan edilmesini ve uygulanmas\u0131n\u0131 sa\u011flayarak bakanl\u0131klardan gelen talimatlar\u0131 ve emirleri uygular. Merkezi idarenin ildeki temsilcisi olup il s\u0131n\u0131rlar\u0131 i\u00e7erisindeki<\/p>\n","protected":false},"author":1,"featured_media":0,"parent":0,"menu_order":0,"comment_status":"closed","ping_status":"closed","template":"","meta":{"footnotes":""},"class_list":["post-379","page","type-page","status-publish","hentry"],"translation":{"provider":"WPGlobus","version":"3.0.0","language":"tr","enabled_languages":["en","tr","gr","pt","ro","ee"],"languages":{"en":{"title":true,"content":true,"excerpt":false},"tr":{"title":true,"content":true,"excerpt":false},"gr":{"title":false,"content":true,"excerpt":false},"pt":{"title":false,"content":true,"excerpt":false},"ro":{"title":true,"content":true,"excerpt":false},"ee":{"title":false,"content":true,"excerpt":false}}},"_links":{"self":[{"href":"https:\/\/dt4s.eu\/tr\/wp-json\/wp\/v2\/pages\/379","targetHints":{"allow":["GET"]}}],"collection":[{"href":"https:\/\/dt4s.eu\/tr\/wp-json\/wp\/v2\/pages"}],"about":[{"href":"https:\/\/dt4s.eu\/tr\/wp-json\/wp\/v2\/types\/page"}],"author":[{"embeddable":true,"href":"https:\/\/dt4s.eu\/tr\/wp-json\/wp\/v2\/users\/1"}],"replies":[{"embeddable":true,"href":"https:\/\/dt4s.eu\/tr\/wp-json\/wp\/v2\/comments?post=379"}],"version-history":[{"count":90,"href":"https:\/\/dt4s.eu\/tr\/wp-json\/wp\/v2\/pages\/379\/revisions"}],"predecessor-version":[{"id":2115,"href":"https:\/\/dt4s.eu\/tr\/wp-json\/wp\/v2\/pages\/379\/revisions\/2115"}],"wp:attachment":[{"href":"https:\/\/dt4s.eu\/tr\/wp-json\/wp\/v2\/media?parent=379"}],"curies":[{"name":"wp","href":"https:\/\/api.w.org\/{rel}","templated":true}]}}