{"id":414,"date":"2020-08-13T09:25:48","date_gmt":"2020-08-13T08:25:48","guid":{"rendered":"https:\/\/dt4s.eu\/?page_id=414"},"modified":"2022-05-20T11:53:30","modified_gmt":"2022-05-20T10:53:30","slug":"dt4s-platform","status":"publish","type":"page","link":"https:\/\/dt4s.eu\/tr\/dt4s-platform\/","title":{"rendered":"DT4S Platformu"},"content":{"rendered":"<p>DT4S Platformu, deneyimsel ve aktif \u00f6\u011frenme tasar\u0131m\u0131n\u0131, geli\u015fmi\u015f ileti\u015fim ve i\u015fbirli\u011fi yoluyla zenginle\u015ftirilmi\u015f e\u011fitim deneyimlerini te\u015fvik eden dijital i\u015fbirli\u011fi ara\u00e7lar\u0131yla b\u00fct\u00fcnle\u015ftirir. Ayr\u0131ca, deneyimsel ve aktif \u00f6\u011frenme tasar\u0131m\u0131, bilginin korunmas\u0131n\u0131 ve e\u011fitim ortam\u0131ndan i\u015f d\u00fcnyas\u0131na aktar\u0131labilirli\u011fini te\u015fvik eder ve end\u00fcstrinin gerektirdi\u011fi becerilerin geli\u015ftirilmesi yoluyla istihdam edilebilirli\u011fi daha da kolayla\u015ft\u0131r\u0131r.<\/p>\n<p>&nbsp;<\/p>\n<p><!-- \/wp:html --><\/p>\n<p><!-- wp:html --><\/p>\n<p>Tasar\u0131m odakl\u0131 d\u00fc\u015f\u00fcnme metodolojisine dayanan platform, bu metodoloji i\u00e7in dijital bir destek sunarak bunu yans\u0131tacak \u015fekilde tasarlanm\u0131\u015ft\u0131r. Platform, bir etkinlik deposu olman\u0131n \u00f6tesinde, etkinlikler \u00fczerinde \u00e7al\u0131\u015fan \u00f6\u011frenci gruplar\u0131n\u0131 takip etmek i\u00e7in etkinliklerin derslere uyum sa\u011flamas\u0131na olanak tan\u0131r.<\/p>\n<p><img decoding=\"async\" src=\"\/wp-content\/uploads\/2020\/03\/bullets1.png\" \/><\/p>\n<p><!-- \/wp:html --><\/p>\n<p><!-- wp:html --><\/p>\n<img decoding=\"async\" style=\"width: 40%; margin-left: 10%;\" src=\"\/wp-content\/uploads\/2020\/08\/teacher-ui.png\" \/> <img decoding=\"async\" style=\"width: 40%;\" src=\"\/wp-content\/uploads\/2020\/08\/student-ui.png\" \/>\n<p><!-- \/wp:html --><\/p>\n<p><!-- wp:html --><\/p>\n<p style=\"text-align: center;\"><a style=\"background-color: #176082; padding: 15px; font-size: 16px; border-radius: 5px; color: #fff;\" href=\"https:\/\/dt4s.e-ce.uth.gr\/#\/\" target=\"_blank\" rel=\"noopener noreferrer\">DT4S Platformuna Giri\u015f<\/a> <a style=\"padding: 15px; font-size: 16px; border-radius: 5px; color: #fff;\" href=\"https:\/\/dt4s.eu\/wp-content\/uploads\/2020\/11\/O2.-DT4S-Software-Manual.pdf\" target=\"_blank\" rel=\"noopener noreferrer\">Kullan\u0131m Klavuzu<\/a><\/p>","protected":false},"excerpt":{"rendered":"<p>DT4S Platformu, deneyimsel ve aktif \u00f6\u011frenme tasar\u0131m\u0131n\u0131, geli\u015fmi\u015f ileti\u015fim ve i\u015fbirli\u011fi yoluyla zenginle\u015ftirilmi\u015f e\u011fitim deneyimlerini te\u015fvik eden dijital i\u015fbirli\u011fi ara\u00e7lar\u0131yla b\u00fct\u00fcnle\u015ftirir. Ayr\u0131ca, deneyimsel ve aktif \u00f6\u011frenme tasar\u0131m\u0131, bilginin korunmas\u0131n\u0131 ve e\u011fitim ortam\u0131ndan i\u015f d\u00fcnyas\u0131na aktar\u0131labilirli\u011fini te\u015fvik eder ve end\u00fcstrinin gerektirdi\u011fi<\/p>\n","protected":false},"author":1,"featured_media":0,"parent":0,"menu_order":0,"comment_status":"closed","ping_status":"closed","template":"","meta":{"footnotes":""},"class_list":["post-414","page","type-page","status-publish","hentry"],"translation":{"provider":"WPGlobus","version":"3.0.0","language":"tr","enabled_languages":["en","tr","gr","pt","ro","ee"],"languages":{"en":{"title":true,"content":true,"excerpt":false},"tr":{"title":true,"content":true,"excerpt":false},"gr":{"title":false,"content":true,"excerpt":false},"pt":{"title":false,"content":true,"excerpt":false},"ro":{"title":true,"content":true,"excerpt":false},"ee":{"title":false,"content":true,"excerpt":false}}},"_links":{"self":[{"href":"https:\/\/dt4s.eu\/tr\/wp-json\/wp\/v2\/pages\/414","targetHints":{"allow":["GET"]}}],"collection":[{"href":"https:\/\/dt4s.eu\/tr\/wp-json\/wp\/v2\/pages"}],"about":[{"href":"https:\/\/dt4s.eu\/tr\/wp-json\/wp\/v2\/types\/page"}],"author":[{"embeddable":true,"href":"https:\/\/dt4s.eu\/tr\/wp-json\/wp\/v2\/users\/1"}],"replies":[{"embeddable":true,"href":"https:\/\/dt4s.eu\/tr\/wp-json\/wp\/v2\/comments?post=414"}],"version-history":[{"count":85,"href":"https:\/\/dt4s.eu\/tr\/wp-json\/wp\/v2\/pages\/414\/revisions"}],"predecessor-version":[{"id":2097,"href":"https:\/\/dt4s.eu\/tr\/wp-json\/wp\/v2\/pages\/414\/revisions\/2097"}],"wp:attachment":[{"href":"https:\/\/dt4s.eu\/tr\/wp-json\/wp\/v2\/media?parent=414"}],"curies":[{"name":"wp","href":"https:\/\/api.w.org\/{rel}","templated":true}]}}