{"id":690,"date":"2020-09-24T14:26:41","date_gmt":"2020-09-24T13:26:41","guid":{"rendered":"https:\/\/dt4s.eu\/?page_id=690"},"modified":"2022-05-20T11:46:53","modified_gmt":"2022-05-20T10:46:53","slug":"about","status":"publish","type":"page","link":"https:\/\/dt4s.eu\/tr\/about\/","title":{"rendered":"Hakk\u0131nda"},"content":{"rendered":"<h2 style=\"text-align: center;\">S\u00fcrd\u00fcr\u00fclebilirlik E\u011fitiminde Tasar\u0131m Odakl\u0131 D\u00fc\u015f\u00fcnme<\/h2>\n<p style=\"text-align: center;\">S\u00fcrd\u00fcr\u00fclebilirlik E\u011fitiminde Tasar\u0131m Odakl\u0131 D\u00fc\u015f\u00fcnme (DT4S) Projesi, T\u00fcrkiye Ulusal Ajans\u0131 taraf\u0131ndan finanse edilen bir projedir. 5 Avrupa \u00fclkesinden 5 orta\u011fa sahiptir. Ortaklar aras\u0131nda \u0130stanbul Valili\u011fi-GOI (T\u00fcrkiye-Koordinat\u00f6r), Tallin \u00dcniversitesi-TLU (Estonya), Teselya \u00dcniversitesi-UTH (Yunanistan), Virtual Campus (Portekiz) ve Advanced Technology Systems (Romanya) bulunmaktad\u0131r. Proje 1 Kas\u0131m 2019&#8217;da ba\u015flad\u0131 ve 31 Ekim 2021&#8217;e kadar 24 ay s\u00fcrecektir.<\/p>\n<p>\t\t\t\t\t\t\t\t\t\t<img loading=\"lazy\" decoding=\"async\" width=\"421\" height=\"247\" src=\"https:\/\/dt4s.eu\/wp-content\/uploads\/2020\/10\/dt4s-platform_1.png\" alt=\"\" loading=\"lazy\" srcset=\"https:\/\/dt4s.eu\/wp-content\/uploads\/2020\/10\/dt4s-platform_1.png 421w, https:\/\/dt4s.eu\/wp-content\/uploads\/2020\/10\/dt4s-platform_1-300x176.png 300w\" sizes=\"auto, (max-width: 421px) 100vw, 421px\"><\/p>\n<p>Koordinat\u00f6r Kurum &#8211; \u0130STANBUL VAL\u0130L\u0130\u011e\u0130<\/p>\n<p>Ortak Kurumlar<\/p>\n<p>-PANEPISTIMIO THESSALIAS<\/p>\n<p>-TALLINN UNIVERSITY<\/p>\n<p>-VIRTUAL CAMPUS LDA<\/p>\n<p>-ADVANCED TECHNOLOGY SYSTEMS SRL<\/p>\n<h2>Proje Hakk\u0131nda<\/h2>\n<p>DT4S Projesi, 12-16 ya\u015f aral\u0131\u011f\u0131ndaki orta\u00f6\u011fretim \u00f6\u011frencilerinin problem \u00e7\u00f6zme, i\u015fbirli\u011fi yetene\u011fi ve bilgiyi entegre etme becerilerini geli\u015ftirmeyi ve bu \u00f6\u011frencileri gelecekte gen\u00e7 profesyoneller olarak aktif bir \u015fekilde s\u00fcrd\u00fcr\u00fclebilir kalk\u0131nma ve i\u015f uygulamalar\u0131na kat\u0131lmaya te\u015fvik etmeyi hedefler. Metodolojik olarak proje, \u00f6\u011frencileri belirli bir zorlu\u011fun parametrelerini ve bundan etkilenen bireylerin deneyimlerini belirlemeye te\u015fvik eden ve aktif bir probleme dayal\u0131 \u00f6\u011frenme yakla\u015f\u0131m\u0131 sunacakt\u0131r. Proje, problem \u00e7\u00f6zmede fikir olu\u015fturma, beyin f\u0131rt\u0131nas\u0131 yapma, eylem planlar\u0131 tasarlama, de\u011ferlendirme ve bilginin sentezi gibi tasar\u0131m odakl\u0131 d\u00fc\u015f\u00fcnme ilkelerini tan\u0131malar\u0131 i\u00e7in \u00f6\u011frencileri motive edecektir.<\/p>\n<p>Uygulama ve \u00f6\u011frenme a\u00e7\u0131s\u0131ndan, projede Birle\u015fmi\u015f Milletler S\u00fcrd\u00fcr\u00fclebilirlik Geli\u015fim Hedefleri \u00c7er\u00e7evesi&#8217;ne uygun olarak \u00f6\u011frencileri g\u00fcvenli \u00e7evrim i\u00e7i bir ortamda k\u00fcresel sorunlarla ilgili \u00e7\u00f6z\u00fcmler \u00fcretmelerine te\u015fvik eden, e\u011fitim ama\u00e7l\u0131 ciddi oyunlar tasarlanacak ve geli\u015ftirilecektir.&nbsp; Ciddi oyunlar, resmi m\u00fcfredat\u0131n \u00e7e\u015fitli konular\u0131ndan&nbsp; yola \u00e7\u0131karak \u00f6\u011frencileri bilgiyi sentezleme, i\u015fbirli\u011fi yapma, giri\u015fimcilik, yenilik\u00e7i d\u00fc\u015f\u00fcnme, ve yarat\u0131c\u0131l\u0131k becerisi kazanmaya&nbsp; te\u015fvik edecektir. Ayr\u0131ca makul ve etkili eylemler tasarlama konusunda iyimserlik ve \u00f6zg\u00fcvene sahip olmaya te\u015fvik edecektir. DT4S projesinde, \u00f6\u011frencilerin \u00f6nerilen problem \u00e7\u00f6zme becerilerinin ger\u00e7ek d\u00fcnyaya aktar\u0131labilirli\u011fini sa\u011flamak i\u00e7in \u00f6\u011fretmenleri hedefleyen e\u011fitim i\u00e7eri\u011fi geli\u015ftirilecektir. \u0130\u00e7erik, e\u011fitimcilerin dijital \u00f6\u011frenme ara\u00e7lar\u0131n\u0131 kullanmalar\u0131n\u0131; \u00f6\u011frencilerinin ger\u00e7ek d\u00fcnyada ortaya \u00e7\u0131kan bilgi ve problem \u00e7\u00f6zme kapasitelerini kullanabilmelerini; kendi alanlar\u0131nda s\u00fcrd\u00fcr\u00fclebilir kalk\u0131nma ile uyumlu \u00e7\u00f6z\u00fcmler \u00fcreterek aktif vatanda\u015flar olmaya do\u011fru \u00f6\u011frencileri g\u00fc\u00e7lendirmek amac\u0131yla daha geni\u015f s\u0131n\u0131f etkinliklerinde aktiviteleri kullanmalar\u0131n\u0131 sa\u011flayacakt\u0131r.&nbsp;<\/p>\n<p>DT4S Projesinde 5 \u00fcr\u00fcn olu\u015fturulacakt\u0131r.&nbsp;<\/p>\n<p>1-Tasar\u0131m Odakl\u0131 D\u00fc\u015f\u00fcnme Y\u00f6ntemiyle S\u00fcrd\u00fcr\u00fclebilirlik Becerilerinin Geli\u015ftirilebilmesinde Aktif Metodolojik \u00d6\u011frenme \u00c7er\u00e7evesi<\/p>\n<p>2-Tasar\u0131m Odakl\u0131 D\u00fc\u015f\u00fcnme \u0130lkeleri Do\u011frultusunda S\u00fcrd\u00fcr\u00fclebilirlik Becerilerinin Geli\u015ftirilebilmesi \u0130\u00e7in \u00c7evrim \u0130\u00e7i \u00d6\u011frenme Platformu<\/p>\n<p>3-DT4S Platformu ile S\u00fcrd\u00fcr\u00fclebilirlik E\u011fitimi Faaliyetleri<\/p>\n<p>4-\u00d6\u011fretim S\u00fcreci Deste\u011fi<\/p>\n<p>5-S\u00fcrd\u00fcr\u00fclebilirlik E\u011fitiminde Tasar\u0131m Odakl\u0131 D\u00fc\u015f\u00fcnme Y\u00f6ntemi \u00dczerine<\/p>\n<p>Ger\u00e7ekle\u015ftirilen De\u011ferlendirme Faaliyetlerinde Ortaya \u00c7\u0131kan \u0130yi Uygulamalar Rehberi<\/p>\n","protected":false},"excerpt":{"rendered":"<p>S\u00fcrd\u00fcr\u00fclebilirlik E\u011fitiminde Tasar\u0131m Odakl\u0131 D\u00fc\u015f\u00fcnme S\u00fcrd\u00fcr\u00fclebilirlik E\u011fitiminde Tasar\u0131m Odakl\u0131 D\u00fc\u015f\u00fcnme (DT4S) Projesi, T\u00fcrkiye Ulusal Ajans\u0131 taraf\u0131ndan finanse edilen bir projedir. 5 Avrupa \u00fclkesinden 5 orta\u011fa sahiptir. Ortaklar aras\u0131nda \u0130stanbul Valili\u011fi-GOI (T\u00fcrkiye-Koordinat\u00f6r), Tallin \u00dcniversitesi-TLU (Estonya), Teselya \u00dcniversitesi-UTH (Yunanistan), Virtual Campus (Portekiz)<\/p>\n","protected":false},"author":1,"featured_media":0,"parent":0,"menu_order":0,"comment_status":"closed","ping_status":"closed","template":"","meta":{"footnotes":""},"class_list":["post-690","page","type-page","status-publish","hentry"],"translation":{"provider":"WPGlobus","version":"3.0.0","language":"tr","enabled_languages":["en","tr","gr","pt","ro","ee"],"languages":{"en":{"title":true,"content":true,"excerpt":false},"tr":{"title":true,"content":true,"excerpt":false},"gr":{"title":false,"content":true,"excerpt":false},"pt":{"title":false,"content":true,"excerpt":false},"ro":{"title":true,"content":true,"excerpt":false},"ee":{"title":false,"content":true,"excerpt":false}}},"_links":{"self":[{"href":"https:\/\/dt4s.eu\/tr\/wp-json\/wp\/v2\/pages\/690","targetHints":{"allow":["GET"]}}],"collection":[{"href":"https:\/\/dt4s.eu\/tr\/wp-json\/wp\/v2\/pages"}],"about":[{"href":"https:\/\/dt4s.eu\/tr\/wp-json\/wp\/v2\/types\/page"}],"author":[{"embeddable":true,"href":"https:\/\/dt4s.eu\/tr\/wp-json\/wp\/v2\/users\/1"}],"replies":[{"embeddable":true,"href":"https:\/\/dt4s.eu\/tr\/wp-json\/wp\/v2\/comments?post=690"}],"version-history":[{"count":64,"href":"https:\/\/dt4s.eu\/tr\/wp-json\/wp\/v2\/pages\/690\/revisions"}],"predecessor-version":[{"id":2091,"href":"https:\/\/dt4s.eu\/tr\/wp-json\/wp\/v2\/pages\/690\/revisions\/2091"}],"wp:attachment":[{"href":"https:\/\/dt4s.eu\/tr\/wp-json\/wp\/v2\/media?parent=690"}],"curies":[{"name":"wp","href":"https:\/\/api.w.org\/{rel}","templated":true}]}}